{"id":5333,"date":"2025-05-07T19:56:21","date_gmt":"2025-05-07T17:56:21","guid":{"rendered":"https:\/\/luxusrealestates.com\/?page_id=5333"},"modified":"2025-05-21T15:44:49","modified_gmt":"2025-05-21T13:44:49","slug":"luksus-costa-blanca","status":"publish","type":"page","link":"https:\/\/luxusrealestates.com\/nb\/luxury-costa-blanca\/","title":{"rendered":"Luksus Costa Blanca"},"content":{"rendered":"<div data-elementor-type=\"wp-page\" data-elementor-id=\"5333\" class=\"elementor elementor-5333\" data-elementor-post-type=\"page\">\n\t\t\t\t<div class=\"elementor-element elementor-element-5be8fe2 e-flex e-con-boxed e-con e-parent\" data-id=\"5be8fe2\" data-element_type=\"container\" data-e-type=\"container\" data-settings=\"{&quot;background_background&quot;:&quot;classic&quot;}\">\n\t\t\t\t\t<div class=\"e-con-inner\">\n\t\t\t\t<div class=\"elementor-element elementor-element-4d30961 elementor-widget__width-initial elementor-widget-mobile__width-inherit elementor-widget elementor-widget-heading\" data-id=\"4d30961\" data-element_type=\"widget\" data-e-type=\"widget\" data-widget_type=\"heading.default\">\n\t\t\t\t<div class=\"elementor-widget-container\">\n\t\t\t\t\t<h2 class=\"elementor-heading-title elementor-size-default\">Finn ut mer om mulighetene p\u00e5 <b>Costa Blanca<\/h2>\t\t\t\t<\/div>\n\t\t\t\t<\/div>\n\t\t\t\t<div class=\"elementor-element elementor-element-6d88756 elementor-widget__width-initial elementor-widget-mobile__width-inherit elementor-widget elementor-widget-text-editor\" data-id=\"6d88756\" data-element_type=\"widget\" data-e-type=\"widget\" data-widget_type=\"text-editor.default\">\n\t\t\t\t<div class=\"elementor-widget-container\">\n\t\t\t\t\t\t\t\t\t<p>Leter du etter en bolig som er et symbol p\u00e5 eleganse, komfort og en f\u00f8rsteklasses beliggenhet ved kysten?<\/p>\t\t\t\t\t\t\t\t<\/div>\n\t\t\t\t<\/div>\n\t\t\t\t<div class=\"elementor-element elementor-element-2e258b3 elementor-widget__width-initial elementor-widget-mobile__width-inherit elementor-widget elementor-widget-text-editor\" data-id=\"2e258b3\" data-element_type=\"widget\" data-e-type=\"widget\" data-widget_type=\"text-editor.default\">\n\t\t\t\t<div class=\"elementor-widget-container\">\n\t\t\t\t\t\t\t\t\t<p>Alicante tilbyr en enest\u00e5ende blanding av solkyssede strender, levende kultur og uts\u00f8kte eiendommer som passer for den mest kresne smak.<\/p>\t\t\t\t\t\t\t\t<\/div>\n\t\t\t\t<\/div>\n\t\t\t\t<div class=\"elementor-element elementor-element-b43f0b1 elementor-widget elementor-widget-button\" data-id=\"b43f0b1\" data-element_type=\"widget\" data-e-type=\"widget\" data-widget_type=\"button.default\">\n\t\t\t\t<div class=\"elementor-widget-container\">\n\t\t\t\t\t\t\t\t\t<div class=\"elementor-button-wrapper\">\n\t\t\t\t\t<a class=\"elementor-button elementor-button-link elementor-size-sm\" href=\"#elementor-action%3Aaction%3Dpopup%3Aopen%26settings%3DeyJpZCI6IjUzNDciLCJ0b2dnbGUiOmZhbHNlfQ%3D%3D\">\n\t\t\t\t\t\t<span class=\"elementor-button-content-wrapper\">\n\t\t\t\t\t\t\t\t\t<span class=\"elementor-button-text\">Bestill en gratis konsultasjon<\/span>\n\t\t\t\t\t<\/span>\n\t\t\t\t\t<\/a>\n\t\t\t\t<\/div>\n\t\t\t\t\t\t\t\t<\/div>\n\t\t\t\t<\/div>\n\t\t\t\t\t<\/div>\n\t\t\t\t<\/div>\n\t\t<div class=\"elementor-element elementor-element-9f261ae e-flex e-con-boxed e-con e-parent\" data-id=\"9f261ae\" data-element_type=\"container\" data-e-type=\"container\" data-settings=\"{&quot;background_background&quot;:&quot;classic&quot;}\">\n\t\t\t\t\t<div class=\"e-con-inner\">\n\t\t<div class=\"elementor-element elementor-element-294daee e-con-full e-flex e-con e-child\" data-id=\"294daee\" data-element_type=\"container\" data-e-type=\"container\">\n\t\t\t\t<div class=\"elementor-element elementor-element-fab0549 elementor-widget__width-initial elementor-widget-mobile__width-inherit elementor-widget elementor-widget-heading\" data-id=\"fab0549\" data-element_type=\"widget\" data-e-type=\"widget\" data-widget_type=\"heading.default\">\n\t\t\t\t<div class=\"elementor-widget-container\">\n\t\t\t\t\t<h3 class=\"elementor-heading-title elementor-size-default\">Hvorfor velge Alicante for din neste investering?<\/h3>\t\t\t\t<\/div>\n\t\t\t\t<\/div>\n\t\t\t\t<\/div>\n\t\t<div class=\"elementor-element elementor-element-932dd28 e-con-full e-flex e-con e-child\" data-id=\"932dd28\" data-element_type=\"container\" data-e-type=\"container\">\n\t\t<div class=\"elementor-element elementor-element-30068eb e-con-full e-flex e-con e-child\" data-id=\"30068eb\" data-element_type=\"container\" data-e-type=\"container\">\n\t\t\t\t<div class=\"elementor-element elementor-element-44e9a24 elementor-widget elementor-widget-text-editor\" data-id=\"44e9a24\" data-element_type=\"widget\" data-e-type=\"widget\" data-widget_type=\"text-editor.default\">\n\t\t\t\t<div class=\"elementor-widget-container\">\n\t\t\t\t\t\t\t\t\t<ul><li><strong>Solskinn \u00e5ret rundt<\/strong>Nyt over 300 soldager \u00e5rlig, perfekt for strandturer og utend\u00f8rsaktiviteter.<\/li><li><strong>Strategisk beliggenhet<\/strong>Alicante ligger p\u00e5 Costa Blanca og har utmerkede forbindelser til store europeiske byer.<\/li><li><strong>Mangfoldig eiendomsportef\u00f8lje<\/strong>Fra moderne villaer i Finestrat til sjarmerende eiendommer i Altea, finn en eiendom som passer din livsstil.<\/li><li><strong>Voksende marked<\/strong>Ettersp\u00f8rselen etter luksuseiendommer i Alicante er \u00f8kende, noe som gj\u00f8r det til et godt investeringsvalg.<\/li><\/ul>\t\t\t\t\t\t\t\t<\/div>\n\t\t\t\t<\/div>\n\t\t\t\t<\/div>\n\t\t<div class=\"elementor-element elementor-element-d5c5468 e-con-full e-flex e-con e-child\" data-id=\"d5c5468\" data-element_type=\"container\" data-e-type=\"container\">\n\t\t\t\t<div class=\"elementor-element elementor-element-aa5c447 elementor-widget elementor-widget-image\" data-id=\"aa5c447\" data-element_type=\"widget\" data-e-type=\"widget\" data-widget_type=\"image.default\">\n\t\t\t\t<div class=\"elementor-widget-container\">\n\t\t\t\t\t\t\t\t\t\t\t\t\t\t\t<img fetchpriority=\"high\" decoding=\"async\" width=\"648\" height=\"464\" src=\"https:\/\/luxusrealestates.com\/wp-content\/uploads\/2025\/05\/08b-scaled-en-tamano-grande-3.webp\" class=\"attachment-large size-large wp-image-5337\" alt=\"\" srcset=\"https:\/\/luxusrealestates.com\/wp-content\/uploads\/2025\/05\/08b-scaled-en-tamano-grande-3.webp 648w, https:\/\/luxusrealestates.com\/wp-content\/uploads\/2025\/05\/08b-scaled-en-tamano-grande-3-300x215.webp 300w, https:\/\/luxusrealestates.com\/wp-content\/uploads\/2025\/05\/08b-scaled-en-tamano-grande-3-18x12.webp 18w\" sizes=\"(max-width: 648px) 100vw, 648px\" \/>\t\t\t\t\t\t\t\t\t\t\t\t\t\t\t<\/div>\n\t\t\t\t<\/div>\n\t\t\t\t<\/div>\n\t\t\t\t<\/div>\n\t\t\t\t\t<\/div>\n\t\t\t\t<\/div>\n\t\t<div class=\"elementor-element elementor-element-bfcfbcc e-flex e-con-boxed e-con e-parent\" data-id=\"bfcfbcc\" data-element_type=\"container\" data-e-type=\"container\">\n\t\t\t\t\t<div class=\"e-con-inner\">\n\t\t<div class=\"elementor-element elementor-element-10d78ce e-con-full e-flex e-con e-child\" data-id=\"10d78ce\" data-element_type=\"container\" data-e-type=\"container\">\n\t\t\t\t<div class=\"elementor-element elementor-element-e6d2b69 elementor-widget__width-initial elementor-widget-mobile__width-inherit elementor-widget elementor-widget-heading\" data-id=\"e6d2b69\" data-element_type=\"widget\" data-e-type=\"widget\" data-widget_type=\"heading.default\">\n\t\t\t\t<div class=\"elementor-widget-container\">\n\t\t\t\t\t<h3 class=\"elementor-heading-title elementor-size-default\">Oppdag v\u00e5re eksklusive oppf\u00f8ringer<\/h3>\t\t\t\t<\/div>\n\t\t\t\t<\/div>\n\t\t\t\t<\/div>\n\t\t<div class=\"elementor-element elementor-element-014981e e-con-full e-flex e-con e-child\" data-id=\"014981e\" data-element_type=\"container\" data-e-type=\"container\">\n\t\t<div class=\"elementor-element elementor-element-73a2892 e-con-full e-flex e-con e-child\" data-id=\"73a2892\" data-element_type=\"container\" data-e-type=\"container\">\n\t\t\t\t<div class=\"elementor-element elementor-element-5a7ac65 elementor-widget elementor-widget-text-editor\" data-id=\"5a7ac65\" data-element_type=\"widget\" data-e-type=\"widget\" data-widget_type=\"text-editor.default\">\n\t\t\t\t<div class=\"elementor-widget-container\">\n\t\t\t\t\t\t\t\t\t<p>Hos Luxus Real Estate er vi stolte av \u00e5 tilby et kuratert utvalg av f\u00f8rsteklasses eiendommer:<br \/><br \/><\/p><ul><li><strong>Villa i San Juan<\/strong>En moderne villa med 3 soverom, privat basseng og hage.<\/li><li><strong>Eiendom i Finestrat<\/strong>Et mesterverk med 5 soverom som tilbyr panoramautsikt over havet.<br \/>\u2028\u2028<\/li><li><strong>Bolig i Orihuela Costa<\/strong>Et luksuri\u00f8st hjem med 4 soverom og toppmoderne fasiliteter.<br \/>\u2028<\/li><li><strong>Eiendom i Altea<\/strong>En rolig villa med 4 soverom omgitt av frodige landskap.<\/li><\/ul>\t\t\t\t\t\t\t\t<\/div>\n\t\t\t\t<\/div>\n\t\t\t\t<\/div>\n\t\t<div class=\"elementor-element elementor-element-c24059d e-con-full e-flex e-con e-child\" data-id=\"c24059d\" data-element_type=\"container\" data-e-type=\"container\">\n\t\t\t\t<div class=\"elementor-element elementor-element-78cc87c elementor-widget elementor-widget-image\" data-id=\"78cc87c\" data-element_type=\"widget\" data-e-type=\"widget\" data-widget_type=\"image.default\">\n\t\t\t\t<div class=\"elementor-widget-container\">\n\t\t\t\t\t\t\t\t\t\t\t\t\t\t\t<img decoding=\"async\" width=\"648\" height=\"489\" src=\"https:\/\/luxusrealestates.com\/wp-content\/uploads\/2025\/05\/image-34.webp\" class=\"attachment-large size-large wp-image-5339\" alt=\"\" srcset=\"https:\/\/luxusrealestates.com\/wp-content\/uploads\/2025\/05\/image-34.webp 648w, https:\/\/luxusrealestates.com\/wp-content\/uploads\/2025\/05\/image-34-300x226.webp 300w, https:\/\/luxusrealestates.com\/wp-content\/uploads\/2025\/05\/image-34-16x12.webp 16w\" sizes=\"(max-width: 648px) 100vw, 648px\" \/>\t\t\t\t\t\t\t\t\t\t\t\t\t\t\t<\/div>\n\t\t\t\t<\/div>\n\t\t\t\t<\/div>\n\t\t\t\t<\/div>\n\t\t\t\t\t<\/div>\n\t\t\t\t<\/div>\n\t\t<div class=\"elementor-element elementor-element-4d03a1d e-flex e-con-boxed e-con e-parent\" data-id=\"4d03a1d\" data-element_type=\"container\" data-e-type=\"container\" data-settings=\"{&quot;background_background&quot;:&quot;classic&quot;}\">\n\t\t\t\t\t<div class=\"e-con-inner\">\n\t\t<div class=\"elementor-element elementor-element-fe67ba9 e-con-full e-flex e-con e-child\" data-id=\"fe67ba9\" data-element_type=\"container\" data-e-type=\"container\">\n\t\t\t\t<div class=\"elementor-element elementor-element-3825411 elementor-widget__width-initial elementor-widget-mobile__width-inherit elementor-widget elementor-widget-heading\" data-id=\"3825411\" data-element_type=\"widget\" data-e-type=\"widget\" data-widget_type=\"heading.default\">\n\t\t\t\t<div class=\"elementor-widget-container\">\n\t\t\t\t\t<h3 class=\"elementor-heading-title elementor-size-default\">Hvorfor samarbeide med Luxus Real Estates?<\/h3>\t\t\t\t<\/div>\n\t\t\t\t<\/div>\n\t\t\t\t<\/div>\n\t\t<div class=\"elementor-element elementor-element-e5efea4 e-con-full e-flex e-con e-child\" data-id=\"e5efea4\" data-element_type=\"container\" data-e-type=\"container\">\n\t\t<div class=\"elementor-element elementor-element-98d06a8 e-con-full e-flex e-con e-child\" data-id=\"98d06a8\" data-element_type=\"container\" data-e-type=\"container\">\n\t\t\t\t<div class=\"elementor-element elementor-element-8df133e elementor-widget elementor-widget-text-editor\" data-id=\"8df133e\" data-element_type=\"widget\" data-e-type=\"widget\" data-widget_type=\"text-editor.default\">\n\t\t\t\t<div class=\"elementor-widget-container\">\n\t\t\t\t\t\t\t\t\t<ul><li><strong>Personlig service<\/strong>V\u00e5rt flerspr\u00e5klige team s\u00f8rger for en s\u00f8ml\u00f8s kj\u00f8psopplevelse skreddersydd til dine behov.<br \/><br \/><\/li><li><strong>Ekspertise<\/strong>Med over 20 \u00e5r i markedet for luksuseiendom tilbyr vi enest\u00e5ende kunnskap og innsikt.<br \/>\u2028\u2028<\/li><li><strong>Omfattende st\u00f8tte<\/strong>Fra valg av eiendom til tjenester etter salg, er vi med deg hvert steg p\u00e5 veien.<\/li><\/ul>\t\t\t\t\t\t\t\t<\/div>\n\t\t\t\t<\/div>\n\t\t\t\t<\/div>\n\t\t<div class=\"elementor-element elementor-element-81cc612 e-con-full e-flex e-con e-child\" data-id=\"81cc612\" data-element_type=\"container\" data-e-type=\"container\">\n\t\t\t\t<div class=\"elementor-element elementor-element-04735a1 elementor-widget elementor-widget-image\" data-id=\"04735a1\" data-element_type=\"widget\" data-e-type=\"widget\" data-widget_type=\"image.default\">\n\t\t\t\t<div class=\"elementor-widget-container\">\n\t\t\t\t\t\t\t\t\t\t\t\t\t\t\t<img decoding=\"async\" width=\"648\" height=\"454\" src=\"https:\/\/luxusrealestates.com\/wp-content\/uploads\/2025\/05\/08b-scaled-en-tamano-grande-2-1.webp\" class=\"attachment-large size-large wp-image-5340\" alt=\"\" srcset=\"https:\/\/luxusrealestates.com\/wp-content\/uploads\/2025\/05\/08b-scaled-en-tamano-grande-2-1.webp 648w, https:\/\/luxusrealestates.com\/wp-content\/uploads\/2025\/05\/08b-scaled-en-tamano-grande-2-1-300x210.webp 300w, https:\/\/luxusrealestates.com\/wp-content\/uploads\/2025\/05\/08b-scaled-en-tamano-grande-2-1-18x12.webp 18w\" sizes=\"(max-width: 648px) 100vw, 648px\" \/>\t\t\t\t\t\t\t\t\t\t\t\t\t\t\t<\/div>\n\t\t\t\t<\/div>\n\t\t\t\t<\/div>\n\t\t\t\t<\/div>\n\t\t\t\t\t<\/div>\n\t\t\t\t<\/div>\n\t\t<div class=\"elementor-element elementor-element-507a2f7 e-flex e-con-boxed e-con e-parent\" data-id=\"507a2f7\" data-element_type=\"container\" data-e-type=\"container\" data-settings=\"{&quot;background_background&quot;:&quot;classic&quot;}\">\n\t\t\t\t\t<div class=\"e-con-inner\">\n\t\t\t\t<div class=\"elementor-element elementor-element-f34ce5d elementor-widget__width-initial elementor-widget-mobile__width-inherit elementor-widget elementor-widget-heading\" data-id=\"f34ce5d\" data-element_type=\"widget\" data-e-type=\"widget\" data-widget_type=\"heading.default\">\n\t\t\t\t<div class=\"elementor-widget-container\">\n\t\t\t\t\t<h1 class=\"elementor-heading-title elementor-size-default\">Ta neste steg mot dr\u00f8mmehjemmet ditt<\/h1>\t\t\t\t<\/div>\n\t\t\t\t<\/div>\n\t\t\t\t<div class=\"elementor-element elementor-element-4cf6cfd elementor-widget elementor-widget-text-editor\" data-id=\"4cf6cfd\" data-element_type=\"widget\" data-e-type=\"widget\" data-widget_type=\"text-editor.default\">\n\t\t\t\t<div class=\"elementor-widget-container\">\n\t\t\t\t\t\t\t\t\t<p>Legg ut p\u00e5 en reise for \u00e5 finne din perfekte eiendom i Alicante. <br \/><br \/>Kontakt oss i dag for \u00e5 avtale en personlig konsultasjon og utforske v\u00e5re eksklusive oppf\u00f8ringer.<\/p>\t\t\t\t\t\t\t\t<\/div>\n\t\t\t\t<\/div>\n\t\t\t\t<div class=\"elementor-element elementor-element-e1c7b96 elementor-widget elementor-widget-button\" data-id=\"e1c7b96\" data-element_type=\"widget\" data-e-type=\"widget\" data-widget_type=\"button.default\">\n\t\t\t\t<div class=\"elementor-widget-container\">\n\t\t\t\t\t\t\t\t\t<div class=\"elementor-button-wrapper\">\n\t\t\t\t\t<a class=\"elementor-button elementor-button-link elementor-size-sm\" href=\"#elementor-action%3Aaction%3Dpopup%3Aopen%26settings%3DeyJpZCI6IjUzNDciLCJ0b2dnbGUiOmZhbHNlfQ%3D%3D\">\n\t\t\t\t\t\t<span class=\"elementor-button-content-wrapper\">\n\t\t\t\t\t\t\t\t\t<span class=\"elementor-button-text\">Bestill en gratis konsultasjon<\/span>\n\t\t\t\t\t<\/span>\n\t\t\t\t\t<\/a>\n\t\t\t\t<\/div>\n\t\t\t\t\t\t\t\t<\/div>\n\t\t\t\t<\/div>\n\t\t\t\t\t<\/div>\n\t\t\t\t<\/div>\n\t\t\t\t<\/div>","protected":false},"excerpt":{"rendered":"<p>Find out more about the opportunities on the Costa Blanca Are you seeking a residence that epitomizes elegance, comfort, and a prime coastal location? Alicante offers an unparalleled blend of sun-kissed beaches, vibrant culture, and exquisite properties that cater to the most discerning tastes.\u200b Book a free consultation Why Choose Alicante for Your Next Investment? [&hellip;]<\/p>\n","protected":false},"author":1,"featured_media":0,"parent":0,"menu_order":0,"comment_status":"closed","ping_status":"closed","template":"elementor_header_footer","meta":{"inline_featured_image":false,"footnotes":""},"class_list":["post-5333","page","type-page","status-publish","hentry"],"yoast_head":"<!-- This site is optimized with the Yoast SEO plugin v27.0 - https:\/\/yoast.com\/product\/yoast-seo-wordpress\/ -->\n<title>Luxury Costa Blanca - Luxus<\/title>\n<meta name=\"robots\" content=\"index, follow, max-snippet:-1, max-image-preview:large, max-video-preview:-1\" \/>\n<link rel=\"canonical\" href=\"https:\/\/luxusrealestates.com\/nb\/luksus-costa-blanca\/\" \/>\n<meta property=\"og:locale\" content=\"nb_NO\" \/>\n<meta property=\"og:type\" content=\"article\" \/>\n<meta property=\"og:title\" content=\"Luxury Costa Blanca - Luxus\" \/>\n<meta property=\"og:description\" content=\"Find out more about the opportunities on the Costa Blanca Are you seeking a residence that epitomizes elegance, comfort, and a prime coastal location? Alicante offers an unparalleled blend of sun-kissed beaches, vibrant culture, and exquisite properties that cater to the most discerning tastes.\u200b Book a free consultation Why Choose Alicante for Your Next Investment? [&hellip;]\" \/>\n<meta property=\"og:url\" content=\"https:\/\/luxusrealestates.com\/nb\/luksus-costa-blanca\/\" \/>\n<meta property=\"og:site_name\" content=\"Luxus\" \/>\n<meta property=\"article:modified_time\" content=\"2025-05-21T13:44:49+00:00\" \/>\n<meta property=\"og:image\" content=\"https:\/\/luxusrealestates.com\/wp-content\/uploads\/2025\/05\/08b-scaled-en-tamano-grande-3.webp\" \/>\n\t<meta property=\"og:image:width\" content=\"648\" \/>\n\t<meta property=\"og:image:height\" content=\"464\" \/>\n\t<meta property=\"og:image:type\" content=\"image\/webp\" \/>\n<meta name=\"twitter:card\" content=\"summary_large_image\" \/>\n<meta name=\"twitter:label1\" content=\"Ansl. lesetid\" \/>\n\t<meta name=\"twitter:data1\" content=\"1 minutt\" \/>\n<script type=\"application\/ld+json\" class=\"yoast-schema-graph\">{\"@context\":\"https:\/\/schema.org\",\"@graph\":[{\"@type\":\"WebPage\",\"@id\":\"https:\/\/luxusrealestates.com\/luxury-costa-blanca\/\",\"url\":\"https:\/\/luxusrealestates.com\/luxury-costa-blanca\/\",\"name\":\"Luxury Costa Blanca - Luxus\",\"isPartOf\":{\"@id\":\"https:\/\/luxusrealestates.com\/ar\/#website\"},\"primaryImageOfPage\":{\"@id\":\"https:\/\/luxusrealestates.com\/luxury-costa-blanca\/#primaryimage\"},\"image\":{\"@id\":\"https:\/\/luxusrealestates.com\/luxury-costa-blanca\/#primaryimage\"},\"thumbnailUrl\":\"https:\/\/luxusrealestates.com\/wp-content\/uploads\/2025\/05\/08b-scaled-en-tamano-grande-3.webp\",\"datePublished\":\"2025-05-07T17:56:21+00:00\",\"dateModified\":\"2025-05-21T13:44:49+00:00\",\"breadcrumb\":{\"@id\":\"https:\/\/luxusrealestates.com\/luxury-costa-blanca\/#breadcrumb\"},\"inLanguage\":\"nb-NO\",\"potentialAction\":[{\"@type\":\"ReadAction\",\"target\":[\"https:\/\/luxusrealestates.com\/luxury-costa-blanca\/\"]}]},{\"@type\":\"ImageObject\",\"inLanguage\":\"nb-NO\",\"@id\":\"https:\/\/luxusrealestates.com\/luxury-costa-blanca\/#primaryimage\",\"url\":\"https:\/\/luxusrealestates.com\/wp-content\/uploads\/2025\/05\/08b-scaled-en-tamano-grande-3.webp\",\"contentUrl\":\"https:\/\/luxusrealestates.com\/wp-content\/uploads\/2025\/05\/08b-scaled-en-tamano-grande-3.webp\"},{\"@type\":\"BreadcrumbList\",\"@id\":\"https:\/\/luxusrealestates.com\/luxury-costa-blanca\/#breadcrumb\",\"itemListElement\":[{\"@type\":\"ListItem\",\"position\":1,\"name\":\"Portada\",\"item\":\"https:\/\/luxusrealestates.com\/\"},{\"@type\":\"ListItem\",\"position\":2,\"name\":\"Luxury Costa Blanca\"}]},{\"@type\":\"WebSite\",\"@id\":\"https:\/\/luxusrealestates.com\/ar\/#website\",\"url\":\"https:\/\/luxusrealestates.com\/ar\/\",\"name\":\"Luxus\",\"description\":\"Real States\",\"publisher\":{\"@id\":\"https:\/\/luxusrealestates.com\/ar\/#organization\"},\"potentialAction\":[{\"@type\":\"SearchAction\",\"target\":{\"@type\":\"EntryPoint\",\"urlTemplate\":\"https:\/\/luxusrealestates.com\/ar\/?s={search_term_string}\"},\"query-input\":{\"@type\":\"PropertyValueSpecification\",\"valueRequired\":true,\"valueName\":\"search_term_string\"}}],\"inLanguage\":\"nb-NO\"},{\"@type\":\"Organization\",\"@id\":\"https:\/\/luxusrealestates.com\/ar\/#organization\",\"name\":\"Luxus\",\"url\":\"https:\/\/luxusrealestates.com\/ar\/\",\"logo\":{\"@type\":\"ImageObject\",\"inLanguage\":\"nb-NO\",\"@id\":\"https:\/\/luxusrealestates.com\/ar\/#\/schema\/logo\/image\/\",\"url\":\"https:\/\/luxusrealestates.com\/wp-content\/uploads\/2024\/05\/Group-39537.svg\",\"contentUrl\":\"https:\/\/luxusrealestates.com\/wp-content\/uploads\/2024\/05\/Group-39537.svg\",\"width\":201,\"height\":81,\"caption\":\"Luxus\"},\"image\":{\"@id\":\"https:\/\/luxusrealestates.com\/ar\/#\/schema\/logo\/image\/\"}}]}<\/script>\n<!-- \/ Yoast SEO plugin. -->","yoast_head_json":{"title":"Luksus Costa Blanca - Luksus","robots":{"index":"index","follow":"follow","max-snippet":"max-snippet:-1","max-image-preview":"max-image-preview:large","max-video-preview":"max-video-preview:-1"},"canonical":"https:\/\/luxusrealestates.com\/nb\/luksus-costa-blanca\/","og_locale":"nb_NO","og_type":"article","og_title":"Luxury Costa Blanca - Luxus","og_description":"Find out more about the opportunities on the Costa Blanca Are you seeking a residence that epitomizes elegance, comfort, and a prime coastal location? Alicante offers an unparalleled blend of sun-kissed beaches, vibrant culture, and exquisite properties that cater to the most discerning tastes.\u200b Book a free consultation Why Choose Alicante for Your Next Investment? [&hellip;]","og_url":"https:\/\/luxusrealestates.com\/nb\/luksus-costa-blanca\/","og_site_name":"Luxus","article_modified_time":"2025-05-21T13:44:49+00:00","og_image":[{"width":648,"height":464,"url":"https:\/\/luxusrealestates.com\/wp-content\/uploads\/2025\/05\/08b-scaled-en-tamano-grande-3.webp","type":"image\/webp"}],"twitter_card":"summary_large_image","twitter_misc":{"Ansl. lesetid":"1 minutt"},"schema":{"@context":"https:\/\/schema.org","@graph":[{"@type":"WebPage","@id":"https:\/\/luxusrealestates.com\/luxury-costa-blanca\/","url":"https:\/\/luxusrealestates.com\/luxury-costa-blanca\/","name":"Luksus Costa Blanca - Luksus","isPartOf":{"@id":"https:\/\/luxusrealestates.com\/ar\/#website"},"primaryImageOfPage":{"@id":"https:\/\/luxusrealestates.com\/luxury-costa-blanca\/#primaryimage"},"image":{"@id":"https:\/\/luxusrealestates.com\/luxury-costa-blanca\/#primaryimage"},"thumbnailUrl":"https:\/\/luxusrealestates.com\/wp-content\/uploads\/2025\/05\/08b-scaled-en-tamano-grande-3.webp","datePublished":"2025-05-07T17:56:21+00:00","dateModified":"2025-05-21T13:44:49+00:00","breadcrumb":{"@id":"https:\/\/luxusrealestates.com\/luxury-costa-blanca\/#breadcrumb"},"inLanguage":"nb-NO","potentialAction":[{"@type":"ReadAction","target":["https:\/\/luxusrealestates.com\/luxury-costa-blanca\/"]}]},{"@type":"ImageObject","inLanguage":"nb-NO","@id":"https:\/\/luxusrealestates.com\/luxury-costa-blanca\/#primaryimage","url":"https:\/\/luxusrealestates.com\/wp-content\/uploads\/2025\/05\/08b-scaled-en-tamano-grande-3.webp","contentUrl":"https:\/\/luxusrealestates.com\/wp-content\/uploads\/2025\/05\/08b-scaled-en-tamano-grande-3.webp"},{"@type":"BreadcrumbList","@id":"https:\/\/luxusrealestates.com\/luxury-costa-blanca\/#breadcrumb","itemListElement":[{"@type":"ListItem","position":1,"name":"Portada","item":"https:\/\/luxusrealestates.com\/"},{"@type":"ListItem","position":2,"name":"Luxury Costa Blanca"}]},{"@type":"WebSite","@id":"https:\/\/luxusrealestates.com\/ar\/#website","url":"https:\/\/luxusrealestates.com\/ar\/","name":"Luksus","description":"Ekte stater","publisher":{"@id":"https:\/\/luxusrealestates.com\/ar\/#organization"},"potentialAction":[{"@type":"SearchAction","target":{"@type":"EntryPoint","urlTemplate":"https:\/\/luxusrealestates.com\/ar\/?s={search_term_string}"},"query-input":{"@type":"PropertyValueSpecification","valueRequired":true,"valueName":"search_term_string"}}],"inLanguage":"nb-NO"},{"@type":"Organization","@id":"https:\/\/luxusrealestates.com\/ar\/#organization","name":"Luksus","url":"https:\/\/luxusrealestates.com\/ar\/","logo":{"@type":"ImageObject","inLanguage":"nb-NO","@id":"https:\/\/luxusrealestates.com\/ar\/#\/schema\/logo\/image\/","url":"https:\/\/luxusrealestates.com\/wp-content\/uploads\/2024\/05\/Group-39537.svg","contentUrl":"https:\/\/luxusrealestates.com\/wp-content\/uploads\/2024\/05\/Group-39537.svg","width":201,"height":81,"caption":"Luxus"},"image":{"@id":"https:\/\/luxusrealestates.com\/ar\/#\/schema\/logo\/image\/"}}]}},"_links":{"self":[{"href":"https:\/\/luxusrealestates.com\/nb\/wp-json\/wp\/v2\/pages\/5333","targetHints":{"allow":["GET"]}}],"collection":[{"href":"https:\/\/luxusrealestates.com\/nb\/wp-json\/wp\/v2\/pages"}],"about":[{"href":"https:\/\/luxusrealestates.com\/nb\/wp-json\/wp\/v2\/types\/page"}],"author":[{"embeddable":true,"href":"https:\/\/luxusrealestates.com\/nb\/wp-json\/wp\/v2\/users\/1"}],"replies":[{"embeddable":true,"href":"https:\/\/luxusrealestates.com\/nb\/wp-json\/wp\/v2\/comments?post=5333"}],"version-history":[{"count":17,"href":"https:\/\/luxusrealestates.com\/nb\/wp-json\/wp\/v2\/pages\/5333\/revisions"}],"predecessor-version":[{"id":6146,"href":"https:\/\/luxusrealestates.com\/nb\/wp-json\/wp\/v2\/pages\/5333\/revisions\/6146"}],"wp:attachment":[{"href":"https:\/\/luxusrealestates.com\/nb\/wp-json\/wp\/v2\/media?parent=5333"}],"curies":[{"name":"wp","href":"https:\/\/api.w.org\/{rel}","templated":true}]}}