{"id":5333,"date":"2025-05-07T19:56:21","date_gmt":"2025-05-07T17:56:21","guid":{"rendered":"https:\/\/luxusrealestates.com\/?page_id=5333"},"modified":"2025-05-21T15:44:49","modified_gmt":"2025-05-21T13:44:49","slug":"costa-blanca-de-luxe","status":"publish","type":"page","link":"https:\/\/luxusrealestates.com\/fr\/luxury-costa-blanca\/","title":{"rendered":"Costa Blanca de luxe"},"content":{"rendered":"<div data-elementor-type=\"wp-page\" data-elementor-id=\"5333\" class=\"elementor elementor-5333\" data-elementor-post-type=\"page\">\n\t\t\t\t<div class=\"elementor-element elementor-element-5be8fe2 e-flex e-con-boxed e-con e-parent\" data-id=\"5be8fe2\" data-element_type=\"container\" data-e-type=\"container\" data-settings=\"{&quot;background_background&quot;:&quot;classic&quot;}\">\n\t\t\t\t\t<div class=\"e-con-inner\">\n\t\t\t\t<div class=\"elementor-element elementor-element-4d30961 elementor-widget__width-initial elementor-widget-mobile__width-inherit elementor-widget elementor-widget-heading\" data-id=\"4d30961\" data-element_type=\"widget\" data-e-type=\"widget\" data-widget_type=\"heading.default\">\n\t\t\t\t<div class=\"elementor-widget-container\">\n\t\t\t\t\t<h2 class=\"elementor-heading-title elementor-size-default\">Pour en savoir plus sur les possibilit\u00e9s offertes, consultez le site <b>Costa Blanca<\/h2>\t\t\t\t<\/div>\n\t\t\t\t<\/div>\n\t\t\t\t<div class=\"elementor-element elementor-element-6d88756 elementor-widget__width-initial elementor-widget-mobile__width-inherit elementor-widget elementor-widget-text-editor\" data-id=\"6d88756\" data-element_type=\"widget\" data-e-type=\"widget\" data-widget_type=\"text-editor.default\">\n\t\t\t\t<div class=\"elementor-widget-container\">\n\t\t\t\t\t\t\t\t\t<p>Vous recherchez une r\u00e9sidence qui incarne l'\u00e9l\u00e9gance, le confort et une situation privil\u00e9gi\u00e9e sur la c\u00f4te ?<\/p>\t\t\t\t\t\t\t\t<\/div>\n\t\t\t\t<\/div>\n\t\t\t\t<div class=\"elementor-element elementor-element-2e258b3 elementor-widget__width-initial elementor-widget-mobile__width-inherit elementor-widget elementor-widget-text-editor\" data-id=\"2e258b3\" data-element_type=\"widget\" data-e-type=\"widget\" data-widget_type=\"text-editor.default\">\n\t\t\t\t<div class=\"elementor-widget-container\">\n\t\t\t\t\t\t\t\t\t<p>Alicante offre un m\u00e9lange in\u00e9gal\u00e9 de plages ensoleill\u00e9es, de culture vibrante et de propri\u00e9t\u00e9s exquises qui r\u00e9pondent aux go\u00fbts les plus exigeants.<\/p>\t\t\t\t\t\t\t\t<\/div>\n\t\t\t\t<\/div>\n\t\t\t\t<div class=\"elementor-element elementor-element-b43f0b1 elementor-widget elementor-widget-button\" data-id=\"b43f0b1\" data-element_type=\"widget\" data-e-type=\"widget\" data-widget_type=\"button.default\">\n\t\t\t\t<div class=\"elementor-widget-container\">\n\t\t\t\t\t\t\t\t\t<div class=\"elementor-button-wrapper\">\n\t\t\t\t\t<a class=\"elementor-button elementor-button-link elementor-size-sm\" href=\"#elementor-action%3Aaction%3Dpopup%3Aopen%26settings%3DeyJpZCI6IjUzNDciLCJ0b2dnbGUiOmZhbHNlfQ%3D%3D\">\n\t\t\t\t\t\t<span class=\"elementor-button-content-wrapper\">\n\t\t\t\t\t\t\t\t\t<span class=\"elementor-button-text\">R\u00e9server une consultation gratuite<\/span>\n\t\t\t\t\t<\/span>\n\t\t\t\t\t<\/a>\n\t\t\t\t<\/div>\n\t\t\t\t\t\t\t\t<\/div>\n\t\t\t\t<\/div>\n\t\t\t\t\t<\/div>\n\t\t\t\t<\/div>\n\t\t<div class=\"elementor-element elementor-element-9f261ae e-flex e-con-boxed e-con e-parent\" data-id=\"9f261ae\" data-element_type=\"container\" data-e-type=\"container\" data-settings=\"{&quot;background_background&quot;:&quot;classic&quot;}\">\n\t\t\t\t\t<div class=\"e-con-inner\">\n\t\t<div class=\"elementor-element elementor-element-294daee e-con-full e-flex e-con e-child\" data-id=\"294daee\" data-element_type=\"container\" data-e-type=\"container\">\n\t\t\t\t<div class=\"elementor-element elementor-element-fab0549 elementor-widget__width-initial elementor-widget-mobile__width-inherit elementor-widget elementor-widget-heading\" data-id=\"fab0549\" data-element_type=\"widget\" data-e-type=\"widget\" data-widget_type=\"heading.default\">\n\t\t\t\t<div class=\"elementor-widget-container\">\n\t\t\t\t\t<h3 class=\"elementor-heading-title elementor-size-default\">Pourquoi choisir Alicante pour votre prochain investissement ?<\/h3>\t\t\t\t<\/div>\n\t\t\t\t<\/div>\n\t\t\t\t<\/div>\n\t\t<div class=\"elementor-element elementor-element-932dd28 e-con-full e-flex e-con e-child\" data-id=\"932dd28\" data-element_type=\"container\" data-e-type=\"container\">\n\t\t<div class=\"elementor-element elementor-element-30068eb e-con-full e-flex e-con e-child\" data-id=\"30068eb\" data-element_type=\"container\" data-e-type=\"container\">\n\t\t\t\t<div class=\"elementor-element elementor-element-44e9a24 elementor-widget elementor-widget-text-editor\" data-id=\"44e9a24\" data-element_type=\"widget\" data-e-type=\"widget\" data-widget_type=\"text-editor.default\">\n\t\t\t\t<div class=\"elementor-widget-container\">\n\t\t\t\t\t\t\t\t\t<ul><li><strong>Du soleil toute l'ann\u00e9e<\/strong>Le pays b\u00e9n\u00e9ficie de plus de 300 jours de soleil par an, ce qui est id\u00e9al pour les sorties \u00e0 la plage et les activit\u00e9s de plein air.<\/li><li><strong>Situation strat\u00e9gique<\/strong>Alicante : situ\u00e9e sur la Costa Blanca, Alicante b\u00e9n\u00e9ficie d'excellentes liaisons avec les principales villes europ\u00e9ennes.<\/li><li><strong>Un portefeuille immobilier diversifi\u00e9<\/strong>Des villas modernes de Finestrat aux charmantes propri\u00e9t\u00e9s d'Altea, trouvez la propri\u00e9t\u00e9 qui correspond \u00e0 votre style de vie.<\/li><li><strong>Un march\u00e9 en pleine croissance<\/strong>Alicante : La demande de propri\u00e9t\u00e9s de luxe \u00e0 Alicante est en hausse, ce qui en fait un choix d'investissement judicieux.<\/li><\/ul>\t\t\t\t\t\t\t\t<\/div>\n\t\t\t\t<\/div>\n\t\t\t\t<\/div>\n\t\t<div class=\"elementor-element elementor-element-d5c5468 e-con-full e-flex e-con e-child\" data-id=\"d5c5468\" data-element_type=\"container\" data-e-type=\"container\">\n\t\t\t\t<div class=\"elementor-element elementor-element-aa5c447 elementor-widget elementor-widget-image\" data-id=\"aa5c447\" data-element_type=\"widget\" data-e-type=\"widget\" data-widget_type=\"image.default\">\n\t\t\t\t<div class=\"elementor-widget-container\">\n\t\t\t\t\t\t\t\t\t\t\t\t\t\t\t<img fetchpriority=\"high\" decoding=\"async\" width=\"648\" height=\"464\" src=\"https:\/\/luxusrealestates.com\/wp-content\/uploads\/2025\/05\/08b-scaled-en-tamano-grande-3.webp\" class=\"attachment-large size-large wp-image-5337\" alt=\"\" srcset=\"https:\/\/luxusrealestates.com\/wp-content\/uploads\/2025\/05\/08b-scaled-en-tamano-grande-3.webp 648w, https:\/\/luxusrealestates.com\/wp-content\/uploads\/2025\/05\/08b-scaled-en-tamano-grande-3-300x215.webp 300w, https:\/\/luxusrealestates.com\/wp-content\/uploads\/2025\/05\/08b-scaled-en-tamano-grande-3-18x12.webp 18w\" sizes=\"(max-width: 648px) 100vw, 648px\" \/>\t\t\t\t\t\t\t\t\t\t\t\t\t\t\t<\/div>\n\t\t\t\t<\/div>\n\t\t\t\t<\/div>\n\t\t\t\t<\/div>\n\t\t\t\t\t<\/div>\n\t\t\t\t<\/div>\n\t\t<div class=\"elementor-element elementor-element-bfcfbcc e-flex e-con-boxed e-con e-parent\" data-id=\"bfcfbcc\" data-element_type=\"container\" data-e-type=\"container\">\n\t\t\t\t\t<div class=\"e-con-inner\">\n\t\t<div class=\"elementor-element elementor-element-10d78ce e-con-full e-flex e-con e-child\" data-id=\"10d78ce\" data-element_type=\"container\" data-e-type=\"container\">\n\t\t\t\t<div class=\"elementor-element elementor-element-e6d2b69 elementor-widget__width-initial elementor-widget-mobile__width-inherit elementor-widget elementor-widget-heading\" data-id=\"e6d2b69\" data-element_type=\"widget\" data-e-type=\"widget\" data-widget_type=\"heading.default\">\n\t\t\t\t<div class=\"elementor-widget-container\">\n\t\t\t\t\t<h3 class=\"elementor-heading-title elementor-size-default\">D\u00e9couvrez nos offres exclusives<\/h3>\t\t\t\t<\/div>\n\t\t\t\t<\/div>\n\t\t\t\t<\/div>\n\t\t<div class=\"elementor-element elementor-element-014981e e-con-full e-flex e-con e-child\" data-id=\"014981e\" data-element_type=\"container\" data-e-type=\"container\">\n\t\t<div class=\"elementor-element elementor-element-73a2892 e-con-full e-flex e-con e-child\" data-id=\"73a2892\" data-element_type=\"container\" data-e-type=\"container\">\n\t\t\t\t<div class=\"elementor-element elementor-element-5a7ac65 elementor-widget elementor-widget-text-editor\" data-id=\"5a7ac65\" data-element_type=\"widget\" data-e-type=\"widget\" data-widget_type=\"text-editor.default\">\n\t\t\t\t<div class=\"elementor-widget-container\">\n\t\t\t\t\t\t\t\t\t<p>Chez Luxus Real Estate, nous sommes fiers d'offrir une s\u00e9lection de propri\u00e9t\u00e9s de qualit\u00e9 sup\u00e9rieure.<br \/><br \/><\/p><ul><li><strong>Villa \u00e0 San Juan<\/strong>Villa contemporaine de 3 chambres avec piscine et jardin priv\u00e9s.<\/li><li><strong>Propri\u00e9t\u00e9 \u00e0 Finestrat<\/strong>Le b\u00e2timent est un chef-d'\u0153uvre de 5 chambres offrant des vues panoramiques sur la mer.<br \/>\u2028\u2028<\/li><li><strong>R\u00e9sidence \u00e0 Orihuela Costa<\/strong>Une luxueuse maison de 4 chambres \u00e0 coucher avec des \u00e9quipements de pointe.<br \/>\u2028<\/li><li><strong>Propri\u00e9t\u00e9 \u00e0 Altea<\/strong>Une villa sereine de 4 chambres \u00e0 coucher nich\u00e9e au milieu de paysages luxuriants.<\/li><\/ul>\t\t\t\t\t\t\t\t<\/div>\n\t\t\t\t<\/div>\n\t\t\t\t<\/div>\n\t\t<div class=\"elementor-element elementor-element-c24059d e-con-full e-flex e-con e-child\" data-id=\"c24059d\" data-element_type=\"container\" data-e-type=\"container\">\n\t\t\t\t<div class=\"elementor-element elementor-element-78cc87c elementor-widget elementor-widget-image\" data-id=\"78cc87c\" data-element_type=\"widget\" data-e-type=\"widget\" data-widget_type=\"image.default\">\n\t\t\t\t<div class=\"elementor-widget-container\">\n\t\t\t\t\t\t\t\t\t\t\t\t\t\t\t<img decoding=\"async\" width=\"648\" height=\"489\" src=\"https:\/\/luxusrealestates.com\/wp-content\/uploads\/2025\/05\/image-34.webp\" class=\"attachment-large size-large wp-image-5339\" alt=\"\" srcset=\"https:\/\/luxusrealestates.com\/wp-content\/uploads\/2025\/05\/image-34.webp 648w, https:\/\/luxusrealestates.com\/wp-content\/uploads\/2025\/05\/image-34-300x226.webp 300w, https:\/\/luxusrealestates.com\/wp-content\/uploads\/2025\/05\/image-34-16x12.webp 16w\" sizes=\"(max-width: 648px) 100vw, 648px\" \/>\t\t\t\t\t\t\t\t\t\t\t\t\t\t\t<\/div>\n\t\t\t\t<\/div>\n\t\t\t\t<\/div>\n\t\t\t\t<\/div>\n\t\t\t\t\t<\/div>\n\t\t\t\t<\/div>\n\t\t<div class=\"elementor-element elementor-element-4d03a1d e-flex e-con-boxed e-con e-parent\" data-id=\"4d03a1d\" data-element_type=\"container\" data-e-type=\"container\" data-settings=\"{&quot;background_background&quot;:&quot;classic&quot;}\">\n\t\t\t\t\t<div class=\"e-con-inner\">\n\t\t<div class=\"elementor-element elementor-element-fe67ba9 e-con-full e-flex e-con e-child\" data-id=\"fe67ba9\" data-element_type=\"container\" data-e-type=\"container\">\n\t\t\t\t<div class=\"elementor-element elementor-element-3825411 elementor-widget__width-initial elementor-widget-mobile__width-inherit elementor-widget elementor-widget-heading\" data-id=\"3825411\" data-element_type=\"widget\" data-e-type=\"widget\" data-widget_type=\"heading.default\">\n\t\t\t\t<div class=\"elementor-widget-container\">\n\t\t\t\t\t<h3 class=\"elementor-heading-title elementor-size-default\">Pourquoi s'associer \u00e0 Luxus Real Estates ?<\/h3>\t\t\t\t<\/div>\n\t\t\t\t<\/div>\n\t\t\t\t<\/div>\n\t\t<div class=\"elementor-element elementor-element-e5efea4 e-con-full e-flex e-con e-child\" data-id=\"e5efea4\" data-element_type=\"container\" data-e-type=\"container\">\n\t\t<div class=\"elementor-element elementor-element-98d06a8 e-con-full e-flex e-con e-child\" data-id=\"98d06a8\" data-element_type=\"container\" data-e-type=\"container\">\n\t\t\t\t<div class=\"elementor-element elementor-element-8df133e elementor-widget elementor-widget-text-editor\" data-id=\"8df133e\" data-element_type=\"widget\" data-e-type=\"widget\" data-widget_type=\"text-editor.default\">\n\t\t\t\t<div class=\"elementor-widget-container\">\n\t\t\t\t\t\t\t\t\t<ul><li><strong>Service personnalis\u00e9<\/strong>Notre \u00e9quipe multilingue vous garantit une exp\u00e9rience d'achat transparente et adapt\u00e9e \u00e0 vos besoins.<br \/><br \/><\/li><li><strong>Expertise<\/strong>Le march\u00e9 de l'immobilier de luxe : Avec plus de 20 ans d'exp\u00e9rience sur le march\u00e9 de l'immobilier de luxe, nous offrons des connaissances et des points de vue in\u00e9gal\u00e9s.<br \/>\u2028\u2028<\/li><li><strong>Soutien complet<\/strong>Nous sommes \u00e0 vos c\u00f4t\u00e9s \u00e0 chaque \u00e9tape, de la s\u00e9lection de la propri\u00e9t\u00e9 aux services apr\u00e8s-vente.<\/li><\/ul>\t\t\t\t\t\t\t\t<\/div>\n\t\t\t\t<\/div>\n\t\t\t\t<\/div>\n\t\t<div class=\"elementor-element elementor-element-81cc612 e-con-full e-flex e-con e-child\" data-id=\"81cc612\" data-element_type=\"container\" data-e-type=\"container\">\n\t\t\t\t<div class=\"elementor-element elementor-element-04735a1 elementor-widget elementor-widget-image\" data-id=\"04735a1\" data-element_type=\"widget\" data-e-type=\"widget\" data-widget_type=\"image.default\">\n\t\t\t\t<div class=\"elementor-widget-container\">\n\t\t\t\t\t\t\t\t\t\t\t\t\t\t\t<img decoding=\"async\" width=\"648\" height=\"454\" src=\"https:\/\/luxusrealestates.com\/wp-content\/uploads\/2025\/05\/08b-scaled-en-tamano-grande-2-1.webp\" class=\"attachment-large size-large wp-image-5340\" alt=\"\" srcset=\"https:\/\/luxusrealestates.com\/wp-content\/uploads\/2025\/05\/08b-scaled-en-tamano-grande-2-1.webp 648w, https:\/\/luxusrealestates.com\/wp-content\/uploads\/2025\/05\/08b-scaled-en-tamano-grande-2-1-300x210.webp 300w, https:\/\/luxusrealestates.com\/wp-content\/uploads\/2025\/05\/08b-scaled-en-tamano-grande-2-1-18x12.webp 18w\" sizes=\"(max-width: 648px) 100vw, 648px\" \/>\t\t\t\t\t\t\t\t\t\t\t\t\t\t\t<\/div>\n\t\t\t\t<\/div>\n\t\t\t\t<\/div>\n\t\t\t\t<\/div>\n\t\t\t\t\t<\/div>\n\t\t\t\t<\/div>\n\t\t<div class=\"elementor-element elementor-element-507a2f7 e-flex e-con-boxed e-con e-parent\" data-id=\"507a2f7\" data-element_type=\"container\" data-e-type=\"container\" data-settings=\"{&quot;background_background&quot;:&quot;classic&quot;}\">\n\t\t\t\t\t<div class=\"e-con-inner\">\n\t\t\t\t<div class=\"elementor-element elementor-element-f34ce5d elementor-widget__width-initial elementor-widget-mobile__width-inherit elementor-widget elementor-widget-heading\" data-id=\"f34ce5d\" data-element_type=\"widget\" data-e-type=\"widget\" data-widget_type=\"heading.default\">\n\t\t\t\t<div class=\"elementor-widget-container\">\n\t\t\t\t\t<h1 class=\"elementor-heading-title elementor-size-default\">Faites un pas de plus vers la maison de vos r\u00eaves<\/h1>\t\t\t\t<\/div>\n\t\t\t\t<\/div>\n\t\t\t\t<div class=\"elementor-element elementor-element-4cf6cfd elementor-widget elementor-widget-text-editor\" data-id=\"4cf6cfd\" data-element_type=\"widget\" data-e-type=\"widget\" data-widget_type=\"text-editor.default\">\n\t\t\t\t<div class=\"elementor-widget-container\">\n\t\t\t\t\t\t\t\t\t<p>Embarquez pour un voyage \u00e0 la recherche de votre propri\u00e9t\u00e9 id\u00e9ale \u00e0 Alicante. <br \/><br \/>Contactez-nous d\u00e8s aujourd'hui pour planifier une consultation personnalis\u00e9e et d\u00e9couvrir nos listes exclusives.<\/p>\t\t\t\t\t\t\t\t<\/div>\n\t\t\t\t<\/div>\n\t\t\t\t<div class=\"elementor-element elementor-element-e1c7b96 elementor-widget elementor-widget-button\" data-id=\"e1c7b96\" data-element_type=\"widget\" data-e-type=\"widget\" data-widget_type=\"button.default\">\n\t\t\t\t<div class=\"elementor-widget-container\">\n\t\t\t\t\t\t\t\t\t<div class=\"elementor-button-wrapper\">\n\t\t\t\t\t<a class=\"elementor-button elementor-button-link elementor-size-sm\" href=\"#elementor-action%3Aaction%3Dpopup%3Aopen%26settings%3DeyJpZCI6IjUzNDciLCJ0b2dnbGUiOmZhbHNlfQ%3D%3D\">\n\t\t\t\t\t\t<span class=\"elementor-button-content-wrapper\">\n\t\t\t\t\t\t\t\t\t<span class=\"elementor-button-text\">R\u00e9server une consultation gratuite<\/span>\n\t\t\t\t\t<\/span>\n\t\t\t\t\t<\/a>\n\t\t\t\t<\/div>\n\t\t\t\t\t\t\t\t<\/div>\n\t\t\t\t<\/div>\n\t\t\t\t\t<\/div>\n\t\t\t\t<\/div>\n\t\t\t\t<\/div>","protected":false},"excerpt":{"rendered":"<p>Find out more about the opportunities on the Costa Blanca Are you seeking a residence that epitomizes elegance, comfort, and a prime coastal location? Alicante offers an unparalleled blend of sun-kissed beaches, vibrant culture, and exquisite properties that cater to the most discerning tastes.\u200b Book a free consultation Why Choose Alicante for Your Next Investment? [&hellip;]<\/p>\n","protected":false},"author":1,"featured_media":0,"parent":0,"menu_order":0,"comment_status":"closed","ping_status":"closed","template":"elementor_header_footer","meta":{"inline_featured_image":false,"footnotes":""},"class_list":["post-5333","page","type-page","status-publish","hentry"],"yoast_head":"<!-- This site is optimized with the Yoast SEO plugin v27.0 - https:\/\/yoast.com\/product\/yoast-seo-wordpress\/ -->\n<title>Luxury Costa Blanca - Luxus<\/title>\n<meta name=\"robots\" content=\"index, follow, max-snippet:-1, max-image-preview:large, max-video-preview:-1\" \/>\n<link rel=\"canonical\" href=\"https:\/\/luxusrealestates.com\/fr\/costa-blanca-de-luxe\/\" \/>\n<meta property=\"og:locale\" content=\"fr_FR\" \/>\n<meta property=\"og:type\" content=\"article\" \/>\n<meta property=\"og:title\" content=\"Luxury Costa Blanca - Luxus\" \/>\n<meta property=\"og:description\" content=\"Find out more about the opportunities on the Costa Blanca Are you seeking a residence that epitomizes elegance, comfort, and a prime coastal location? Alicante offers an unparalleled blend of sun-kissed beaches, vibrant culture, and exquisite properties that cater to the most discerning tastes.\u200b Book a free consultation Why Choose Alicante for Your Next Investment? [&hellip;]\" \/>\n<meta property=\"og:url\" content=\"https:\/\/luxusrealestates.com\/fr\/costa-blanca-de-luxe\/\" \/>\n<meta property=\"og:site_name\" content=\"Luxus\" \/>\n<meta property=\"article:modified_time\" content=\"2025-05-21T13:44:49+00:00\" \/>\n<meta property=\"og:image\" content=\"https:\/\/luxusrealestates.com\/wp-content\/uploads\/2025\/05\/08b-scaled-en-tamano-grande-3.webp\" \/>\n\t<meta property=\"og:image:width\" content=\"648\" \/>\n\t<meta property=\"og:image:height\" content=\"464\" \/>\n\t<meta property=\"og:image:type\" content=\"image\/webp\" \/>\n<meta name=\"twitter:card\" content=\"summary_large_image\" \/>\n<meta name=\"twitter:label1\" content=\"Dur\u00e9e de lecture estim\u00e9e\" \/>\n\t<meta name=\"twitter:data1\" content=\"1 minute\" \/>\n<script type=\"application\/ld+json\" class=\"yoast-schema-graph\">{\"@context\":\"https:\/\/schema.org\",\"@graph\":[{\"@type\":\"WebPage\",\"@id\":\"https:\/\/luxusrealestates.com\/luxury-costa-blanca\/\",\"url\":\"https:\/\/luxusrealestates.com\/luxury-costa-blanca\/\",\"name\":\"Luxury Costa Blanca - Luxus\",\"isPartOf\":{\"@id\":\"https:\/\/luxusrealestates.com\/ar\/#website\"},\"primaryImageOfPage\":{\"@id\":\"https:\/\/luxusrealestates.com\/luxury-costa-blanca\/#primaryimage\"},\"image\":{\"@id\":\"https:\/\/luxusrealestates.com\/luxury-costa-blanca\/#primaryimage\"},\"thumbnailUrl\":\"https:\/\/luxusrealestates.com\/wp-content\/uploads\/2025\/05\/08b-scaled-en-tamano-grande-3.webp\",\"datePublished\":\"2025-05-07T17:56:21+00:00\",\"dateModified\":\"2025-05-21T13:44:49+00:00\",\"breadcrumb\":{\"@id\":\"https:\/\/luxusrealestates.com\/luxury-costa-blanca\/#breadcrumb\"},\"inLanguage\":\"fr-FR\",\"potentialAction\":[{\"@type\":\"ReadAction\",\"target\":[\"https:\/\/luxusrealestates.com\/luxury-costa-blanca\/\"]}]},{\"@type\":\"ImageObject\",\"inLanguage\":\"fr-FR\",\"@id\":\"https:\/\/luxusrealestates.com\/luxury-costa-blanca\/#primaryimage\",\"url\":\"https:\/\/luxusrealestates.com\/wp-content\/uploads\/2025\/05\/08b-scaled-en-tamano-grande-3.webp\",\"contentUrl\":\"https:\/\/luxusrealestates.com\/wp-content\/uploads\/2025\/05\/08b-scaled-en-tamano-grande-3.webp\"},{\"@type\":\"BreadcrumbList\",\"@id\":\"https:\/\/luxusrealestates.com\/luxury-costa-blanca\/#breadcrumb\",\"itemListElement\":[{\"@type\":\"ListItem\",\"position\":1,\"name\":\"Portada\",\"item\":\"https:\/\/luxusrealestates.com\/\"},{\"@type\":\"ListItem\",\"position\":2,\"name\":\"Luxury Costa Blanca\"}]},{\"@type\":\"WebSite\",\"@id\":\"https:\/\/luxusrealestates.com\/ar\/#website\",\"url\":\"https:\/\/luxusrealestates.com\/ar\/\",\"name\":\"Luxus\",\"description\":\"Real States\",\"publisher\":{\"@id\":\"https:\/\/luxusrealestates.com\/ar\/#organization\"},\"potentialAction\":[{\"@type\":\"SearchAction\",\"target\":{\"@type\":\"EntryPoint\",\"urlTemplate\":\"https:\/\/luxusrealestates.com\/ar\/?s={search_term_string}\"},\"query-input\":{\"@type\":\"PropertyValueSpecification\",\"valueRequired\":true,\"valueName\":\"search_term_string\"}}],\"inLanguage\":\"fr-FR\"},{\"@type\":\"Organization\",\"@id\":\"https:\/\/luxusrealestates.com\/ar\/#organization\",\"name\":\"Luxus\",\"url\":\"https:\/\/luxusrealestates.com\/ar\/\",\"logo\":{\"@type\":\"ImageObject\",\"inLanguage\":\"fr-FR\",\"@id\":\"https:\/\/luxusrealestates.com\/ar\/#\/schema\/logo\/image\/\",\"url\":\"https:\/\/luxusrealestates.com\/wp-content\/uploads\/2024\/05\/Group-39537.svg\",\"contentUrl\":\"https:\/\/luxusrealestates.com\/wp-content\/uploads\/2024\/05\/Group-39537.svg\",\"width\":201,\"height\":81,\"caption\":\"Luxus\"},\"image\":{\"@id\":\"https:\/\/luxusrealestates.com\/ar\/#\/schema\/logo\/image\/\"}}]}<\/script>\n<!-- \/ Yoast SEO plugin. -->","yoast_head_json":{"title":"Luxe Costa Blanca - Luxus","robots":{"index":"index","follow":"follow","max-snippet":"max-snippet:-1","max-image-preview":"max-image-preview:large","max-video-preview":"max-video-preview:-1"},"canonical":"https:\/\/luxusrealestates.com\/fr\/costa-blanca-de-luxe\/","og_locale":"fr_FR","og_type":"article","og_title":"Luxury Costa Blanca - Luxus","og_description":"Find out more about the opportunities on the Costa Blanca Are you seeking a residence that epitomizes elegance, comfort, and a prime coastal location? Alicante offers an unparalleled blend of sun-kissed beaches, vibrant culture, and exquisite properties that cater to the most discerning tastes.\u200b Book a free consultation Why Choose Alicante for Your Next Investment? [&hellip;]","og_url":"https:\/\/luxusrealestates.com\/fr\/costa-blanca-de-luxe\/","og_site_name":"Luxus","article_modified_time":"2025-05-21T13:44:49+00:00","og_image":[{"width":648,"height":464,"url":"https:\/\/luxusrealestates.com\/wp-content\/uploads\/2025\/05\/08b-scaled-en-tamano-grande-3.webp","type":"image\/webp"}],"twitter_card":"summary_large_image","twitter_misc":{"Dur\u00e9e de lecture estim\u00e9e":"1 minute"},"schema":{"@context":"https:\/\/schema.org","@graph":[{"@type":"WebPage","@id":"https:\/\/luxusrealestates.com\/luxury-costa-blanca\/","url":"https:\/\/luxusrealestates.com\/luxury-costa-blanca\/","name":"Luxe Costa Blanca - Luxus","isPartOf":{"@id":"https:\/\/luxusrealestates.com\/ar\/#website"},"primaryImageOfPage":{"@id":"https:\/\/luxusrealestates.com\/luxury-costa-blanca\/#primaryimage"},"image":{"@id":"https:\/\/luxusrealestates.com\/luxury-costa-blanca\/#primaryimage"},"thumbnailUrl":"https:\/\/luxusrealestates.com\/wp-content\/uploads\/2025\/05\/08b-scaled-en-tamano-grande-3.webp","datePublished":"2025-05-07T17:56:21+00:00","dateModified":"2025-05-21T13:44:49+00:00","breadcrumb":{"@id":"https:\/\/luxusrealestates.com\/luxury-costa-blanca\/#breadcrumb"},"inLanguage":"fr-FR","potentialAction":[{"@type":"ReadAction","target":["https:\/\/luxusrealestates.com\/luxury-costa-blanca\/"]}]},{"@type":"ImageObject","inLanguage":"fr-FR","@id":"https:\/\/luxusrealestates.com\/luxury-costa-blanca\/#primaryimage","url":"https:\/\/luxusrealestates.com\/wp-content\/uploads\/2025\/05\/08b-scaled-en-tamano-grande-3.webp","contentUrl":"https:\/\/luxusrealestates.com\/wp-content\/uploads\/2025\/05\/08b-scaled-en-tamano-grande-3.webp"},{"@type":"BreadcrumbList","@id":"https:\/\/luxusrealestates.com\/luxury-costa-blanca\/#breadcrumb","itemListElement":[{"@type":"ListItem","position":1,"name":"Portada","item":"https:\/\/luxusrealestates.com\/"},{"@type":"ListItem","position":2,"name":"Luxury Costa Blanca"}]},{"@type":"WebSite","@id":"https:\/\/luxusrealestates.com\/ar\/#website","url":"https:\/\/luxusrealestates.com\/ar\/","name":"Luxus","description":"\u00c9tats r\u00e9els","publisher":{"@id":"https:\/\/luxusrealestates.com\/ar\/#organization"},"potentialAction":[{"@type":"SearchAction","target":{"@type":"EntryPoint","urlTemplate":"https:\/\/luxusrealestates.com\/ar\/?s={search_term_string}"},"query-input":{"@type":"PropertyValueSpecification","valueRequired":true,"valueName":"search_term_string"}}],"inLanguage":"fr-FR"},{"@type":"Organization","@id":"https:\/\/luxusrealestates.com\/ar\/#organization","name":"Luxus","url":"https:\/\/luxusrealestates.com\/ar\/","logo":{"@type":"ImageObject","inLanguage":"fr-FR","@id":"https:\/\/luxusrealestates.com\/ar\/#\/schema\/logo\/image\/","url":"https:\/\/luxusrealestates.com\/wp-content\/uploads\/2024\/05\/Group-39537.svg","contentUrl":"https:\/\/luxusrealestates.com\/wp-content\/uploads\/2024\/05\/Group-39537.svg","width":201,"height":81,"caption":"Luxus"},"image":{"@id":"https:\/\/luxusrealestates.com\/ar\/#\/schema\/logo\/image\/"}}]}},"_links":{"self":[{"href":"https:\/\/luxusrealestates.com\/fr\/wp-json\/wp\/v2\/pages\/5333","targetHints":{"allow":["GET"]}}],"collection":[{"href":"https:\/\/luxusrealestates.com\/fr\/wp-json\/wp\/v2\/pages"}],"about":[{"href":"https:\/\/luxusrealestates.com\/fr\/wp-json\/wp\/v2\/types\/page"}],"author":[{"embeddable":true,"href":"https:\/\/luxusrealestates.com\/fr\/wp-json\/wp\/v2\/users\/1"}],"replies":[{"embeddable":true,"href":"https:\/\/luxusrealestates.com\/fr\/wp-json\/wp\/v2\/comments?post=5333"}],"version-history":[{"count":17,"href":"https:\/\/luxusrealestates.com\/fr\/wp-json\/wp\/v2\/pages\/5333\/revisions"}],"predecessor-version":[{"id":6146,"href":"https:\/\/luxusrealestates.com\/fr\/wp-json\/wp\/v2\/pages\/5333\/revisions\/6146"}],"wp:attachment":[{"href":"https:\/\/luxusrealestates.com\/fr\/wp-json\/wp\/v2\/media?parent=5333"}],"curies":[{"name":"wp","href":"https:\/\/api.w.org\/{rel}","templated":true}]}}