{"id":14,"date":"2024-05-23T21:27:07","date_gmt":"2024-05-23T19:27:07","guid":{"rendered":"https:\/\/milonas.expiey.com\/politica-de-cookies\/"},"modified":"2025-07-15T17:15:17","modified_gmt":"2025-07-15T15:15:17","slug":"politique-de-cookies","status":"publish","type":"page","link":"https:\/\/luxusrealestates.com\/fr\/politica-de-cookies\/","title":{"rendered":"Politique en mati\u00e8re de cookies"},"content":{"rendered":"\t\t<div data-elementor-type=\"wp-page\" data-elementor-id=\"14\" class=\"elementor elementor-14\" data-elementor-post-type=\"page\">\n\t\t\t\t<div class=\"elementor-element elementor-element-a23afc3 e-flex e-con-boxed e-con e-parent\" data-id=\"a23afc3\" data-element_type=\"container\" data-e-type=\"container\">\n\t\t\t\t\t<div class=\"e-con-inner\">\n\t\t<div class=\"elementor-element elementor-element-50e4613 e-con-full e-flex e-con e-child\" data-id=\"50e4613\" data-element_type=\"container\" data-e-type=\"container\">\n\t\t\t\t<div class=\"elementor-element elementor-element-9c3508d elementor-widget elementor-widget-text-editor\" data-id=\"9c3508d\" data-element_type=\"widget\" data-e-type=\"widget\" data-widget_type=\"text-editor.default\">\n\t\t\t\t<div class=\"elementor-widget-container\">\n\t\t\t\t\t\t\t\t\t<h3 data-start=\"406\" data-end=\"490\">POL\u00cdTICA DE COOKIES<\/h3><p data-start=\"492\" data-end=\"805\">En <strong data-start=\"495\" data-end=\"517\">Luxus Real Estates<\/strong> (en adelante, \u00abnosotros\u00bb, \u00abnuestro sitio web\u00bb o \u00abla web\u00bb), utilizamos cookies propias y de terceros para garantizar el correcto funcionamiento del sitio, mejorar la experiencia de usuario, analizar la navegaci\u00f3n y mostrar publicidad personalizada en funci\u00f3n de sus h\u00e1bitos de navegaci\u00f3n.<\/p><p data-start=\"807\" data-end=\"1049\">Esta Pol\u00edtica de Cookies tiene como objetivo informarle de manera clara y precisa sobre las cookies que utilizamos en el sitio web <strong data-start=\"938\" data-end=\"971\"><a class=\"\" href=\"https:\/\/luxusrealestates.com\/\" target=\"_new\" rel=\"noopener\" data-start=\"940\" data-end=\"969\">https:\/\/luxusrealestates.com\/<\/a><\/strong>, de conformidad con la normativa espa\u00f1ola y europea aplicable, en particular:<\/p><ul data-start=\"1051\" data-end=\"1363\"><li data-start=\"1051\" data-end=\"1123\"><p data-start=\"1053\" data-end=\"1123\">Reglamento (UE) 2016\/679 del Parlamento Europeo y del Consejo (RGPD)<\/p><\/li><li data-start=\"1124\" data-end=\"1248\"><p data-start=\"1126\" data-end=\"1248\">Ley Org\u00e1nica 3\/2018, de 5 de diciembre, de Protecci\u00f3n de Datos Personales y garant\u00eda de los derechos digitales (LOPDGDD)<\/p><\/li><li data-start=\"1249\" data-end=\"1363\"><p data-start=\"1251\" data-end=\"1363\">Ley 34\/2002, de 11 de julio, de Servicios de la Sociedad de la Informaci\u00f3n y de Comercio Electr\u00f3nico (LSSI-CE)<\/p><\/li><\/ul><hr data-start=\"1365\" data-end=\"1368\" \/><h5 data-start=\"1370\" data-end=\"1397\">1. \u00bfQu\u00e9 son las cookies?<\/h5><p data-start=\"1399\" data-end=\"1697\">Las cookies son peque\u00f1os archivos de texto que los sitios web pueden instalar en su dispositivo (ordenador, smartphone, tableta) cuando los visita. Su funci\u00f3n principal es almacenar informaci\u00f3n sobre su visita y permitir reconocerle en futuras visitas, facilitando el uso y la navegaci\u00f3n del sitio.<\/p><p data-start=\"1699\" data-end=\"1827\">Las cookies no pueden da\u00f1ar su dispositivo y son esenciales para el correcto funcionamiento de la mayor\u00eda de servicios en l\u00ednea.<\/p><hr data-start=\"1829\" data-end=\"1832\" \/><h5 data-start=\"1834\" data-end=\"1856\">2. Tipos de cookies<\/h5><p data-start=\"1858\" data-end=\"1892\">Seg\u00fan la entidad que las gestione:<\/p><ul data-start=\"1894\" data-end=\"2130\"><li data-start=\"1894\" data-end=\"1974\"><p data-start=\"1896\" data-end=\"1974\"><strong data-start=\"1896\" data-end=\"1915\">Cookies propias<\/strong>: enviadas a su dispositivo desde nuestro propio dominio.<\/p><\/li><li data-start=\"1975\" data-end=\"2130\"><p data-start=\"1977\" data-end=\"2130\"><strong data-start=\"1977\" data-end=\"2000\">Cookies de terceros<\/strong>: enviadas a su dispositivo desde un dominio o equipo gestionado por otra entidad (por ejemplo, Google Analytics, redes sociales).<\/p><\/li><\/ul><p data-start=\"2132\" data-end=\"2173\">Seg\u00fan el tiempo que permanecen activadas:<\/p><ul data-start=\"2175\" data-end=\"2481\"><li data-start=\"2175\" data-end=\"2317\"><p data-start=\"2177\" data-end=\"2317\"><strong data-start=\"2177\" data-end=\"2198\">Cookies de sesi\u00f3n<\/strong>: dise\u00f1adas para recabar y almacenar datos mientras navega por nuestro sitio web. Se eliminan al cerrar el navegador.<\/p><\/li><li data-start=\"2318\" data-end=\"2481\"><p data-start=\"2320\" data-end=\"2481\"><strong data-start=\"2320\" data-end=\"2344\">Cookies persistentes<\/strong>: permanecen almacenadas en su dispositivo y pueden ser accedidas y tratadas durante un periodo definido por el responsable de la cookie.<\/p><\/li><\/ul><p data-start=\"2483\" data-end=\"2502\">Seg\u00fan su finalidad:<\/p><ul data-start=\"2504\" data-end=\"3134\"><li data-start=\"2504\" data-end=\"2603\"><p data-start=\"2506\" data-end=\"2603\"><strong data-start=\"2506\" data-end=\"2526\">Cookies t\u00e9cnicas<\/strong>: necesarias para la navegaci\u00f3n y el correcto funcionamiento del sitio web.<\/p><\/li><li data-start=\"2604\" data-end=\"2733\"><p data-start=\"2606\" data-end=\"2733\"><strong data-start=\"2606\" data-end=\"2636\">Cookies de personalizaci\u00f3n<\/strong>: permiten recordar informaci\u00f3n para que acceda al servicio con caracter\u00edsticas personalizadas.<\/p><\/li><li data-start=\"2734\" data-end=\"2860\"><p data-start=\"2736\" data-end=\"2860\"><strong data-start=\"2736\" data-end=\"2759\">Cookies de an\u00e1lisis<\/strong>: permiten el seguimiento y an\u00e1lisis del comportamiento de los usuarios para elaborar estad\u00edsticas.<\/p><\/li><li data-start=\"2861\" data-end=\"2993\"><p data-start=\"2863\" data-end=\"2993\"><strong data-start=\"2863\" data-end=\"2888\">Cookies publicitarias<\/strong>: gestionan espacios publicitarios seg\u00fan criterios como el contenido editado o la frecuencia de acceso.<\/p><\/li><li data-start=\"2994\" data-end=\"3134\"><p data-start=\"2996\" data-end=\"3134\"><strong data-start=\"2996\" data-end=\"3036\">Cookies de publicidad comportamental<\/strong>: almacenan informaci\u00f3n sobre el comportamiento del usuario para mostrar publicidad personalizada.<\/p><\/li><\/ul><hr data-start=\"3136\" data-end=\"3139\" \/><h5 data-start=\"3141\" data-end=\"3206\">3. Cookies que utilizamos en <strong data-start=\"3173\" data-end=\"3206\"><a class=\"\" href=\"https:\/\/luxusrealestates.com\/\" target=\"_new\" rel=\"noopener\" data-start=\"3175\" data-end=\"3204\">https:\/\/luxusrealestates.com\/<\/a><\/strong><\/h5><p data-start=\"3208\" data-end=\"3419\">A continuaci\u00f3n se detallan las cookies que pueden instalarse al navegar por nuestro sitio web. (El listado debe ser personalizado seg\u00fan el sitio real, pero aqu\u00ed te dejo un ejemplo gen\u00e9rico adaptado para Espa\u00f1a):<\/p><h5 data-start=\"3421\" data-end=\"3461\">3.1. Cookies t\u00e9cnicas (obligatorias)<\/h5><ul data-start=\"3462\" data-end=\"3630\"><li data-start=\"3462\" data-end=\"3565\"><p data-start=\"3464\" data-end=\"3565\"><strong data-start=\"3464\" data-end=\"3477\">Finalidad<\/strong>: Garantizar el funcionamiento b\u00e1sico del sitio (inicio de sesi\u00f3n, navegaci\u00f3n segura).<\/p><\/li><li data-start=\"3566\" data-end=\"3606\"><p data-start=\"3568\" data-end=\"3606\"><strong data-start=\"3568\" data-end=\"3580\">Duraci\u00f3n<\/strong>: Sesi\u00f3n o persistentes.<\/p><\/li><li data-start=\"3607\" data-end=\"3630\"><p data-start=\"3609\" data-end=\"3630\"><strong data-start=\"3609\" data-end=\"3620\">Gesti\u00f3n<\/strong>: Propias.<\/p><\/li><\/ul><h5 data-start=\"3632\" data-end=\"3667\">3.2. Cookies de personalizaci\u00f3n<\/h5><ul data-start=\"3668\" data-end=\"3794\"><li data-start=\"3668\" data-end=\"3738\"><p data-start=\"3670\" data-end=\"3738\"><strong data-start=\"3670\" data-end=\"3683\">Finalidad<\/strong>: Recordar preferencias del usuario (idioma, regi\u00f3n).<\/p><\/li><li data-start=\"3739\" data-end=\"3770\"><p data-start=\"3741\" data-end=\"3770\"><strong data-start=\"3741\" data-end=\"3753\">Duraci\u00f3n<\/strong>: Persistentes.<\/p><\/li><li data-start=\"3771\" data-end=\"3794\"><p data-start=\"3773\" data-end=\"3794\"><strong data-start=\"3773\" data-end=\"3784\">Gesti\u00f3n<\/strong>: Propias.<\/p><\/li><\/ul><h5 data-start=\"3796\" data-end=\"3824\">3.3. Cookies de an\u00e1lisis<\/h5><ul data-start=\"3825\" data-end=\"4115\"><li data-start=\"3825\" data-end=\"3860\"><p data-start=\"3827\" data-end=\"3860\"><strong data-start=\"3827\" data-end=\"3840\">Proveedor<\/strong>: Google Analytics<\/p><\/li><li data-start=\"3861\" data-end=\"3942\"><p data-start=\"3863\" data-end=\"3942\"><strong data-start=\"3863\" data-end=\"3876\">Finalidad<\/strong>: Analizar el uso del sitio web para mejorar nuestros servicios.<\/p><\/li><li data-start=\"3943\" data-end=\"3974\"><p data-start=\"3945\" data-end=\"3974\"><strong data-start=\"3945\" data-end=\"3957\">Duraci\u00f3n<\/strong>: Persistentes.<\/p><\/li><li data-start=\"3975\" data-end=\"4014\"><p data-start=\"3977\" data-end=\"4014\"><strong data-start=\"3977\" data-end=\"3988\">Gesti\u00f3n<\/strong>: Terceros (Google LLC).<\/p><\/li><li data-start=\"4015\" data-end=\"4115\"><p data-start=\"4017\" data-end=\"4115\"><strong data-start=\"4017\" data-end=\"4036\">M\u00e1s informaci\u00f3n<\/strong>: <a class=\"cursor-pointer\" target=\"_new\" rel=\"noopener\" data-start=\"4038\" data-end=\"4115\">Pol\u00edtica de privacidad de Google<\/a><\/p><\/li><\/ul><h5 data-start=\"4117\" data-end=\"4178\">3.4. Cookies publicitarias y de publicidad comportamental<\/h5><ul data-start=\"4179\" data-end=\"4441\"><li data-start=\"4179\" data-end=\"4232\"><p data-start=\"4181\" data-end=\"4232\"><strong data-start=\"4181\" data-end=\"4194\">Proveedor<\/strong>: Google Ads \/ Facebook Ads u otros.<\/p><\/li><li data-start=\"4233\" data-end=\"4304\"><p data-start=\"4235\" data-end=\"4304\"><strong data-start=\"4235\" data-end=\"4248\">Finalidad<\/strong>: Mostrar anuncios personalizados seg\u00fan sus intereses.<\/p><\/li><li data-start=\"4305\" data-end=\"4336\"><p data-start=\"4307\" data-end=\"4336\"><strong data-start=\"4307\" data-end=\"4319\">Duraci\u00f3n<\/strong>: Persistentes.<\/p><\/li><li data-start=\"4337\" data-end=\"4363\"><p data-start=\"4339\" data-end=\"4363\"><strong data-start=\"4339\" data-end=\"4350\">Gesti\u00f3n<\/strong>: Terceros.<\/p><\/li><li data-start=\"4364\" data-end=\"4441\"><p data-start=\"4366\" data-end=\"4441\"><strong data-start=\"4366\" data-end=\"4385\">M\u00e1s informaci\u00f3n<\/strong>: Consulte las pol\u00edticas de los respectivos proveedores.<\/p><\/li><\/ul><hr data-start=\"4443\" data-end=\"4446\" \/><h5 data-start=\"4448\" data-end=\"4495\">4. Consentimiento y configuraci\u00f3n de cookies<\/h5><p data-start=\"4497\" data-end=\"4760\">Al acceder por primera vez a <strong data-start=\"4526\" data-end=\"4559\"><a class=\"\" href=\"https:\/\/luxusrealestates.com\/\" target=\"_new\" rel=\"noopener\" data-start=\"4528\" data-end=\"4557\">https:\/\/luxusrealestates.com\/<\/a><\/strong>, se le muestra un aviso o banner informativo sobre el uso de cookies. Usted puede aceptar todas las cookies, configurarlas o rechazarlas, salvo las t\u00e9cnicas necesarias que no requieren consentimiento.<\/p><p data-start=\"4762\" data-end=\"4932\">En cualquier momento puede cambiar o retirar su consentimiento desde nuestro <strong data-start=\"4839\" data-end=\"4876\">panel de configuraci\u00f3n de cookies<\/strong> [enlace al gestor de cookies de tu web, si tienes uno].<\/p><hr data-start=\"4934\" data-end=\"4937\" \/><h5 data-start=\"4939\" data-end=\"5003\">5. C\u00f3mo modificar la configuraci\u00f3n de cookies en su navegador<\/h5><p data-start=\"5005\" data-end=\"5206\">Usted puede permitir, bloquear o eliminar las cookies instaladas en su dispositivo mediante la configuraci\u00f3n de las opciones del navegador. Aqu\u00ed tiene enlaces a la ayuda de los navegadores m\u00e1s comunes:<\/p><ul data-start=\"5208\" data-end=\"5622\"><li data-start=\"5208\" data-end=\"5281\"><p data-start=\"5210\" data-end=\"5281\"><a class=\"cursor-pointer\" target=\"_new\" rel=\"noopener\" data-start=\"5210\" data-end=\"5279\">Google Chrome<\/a><\/p><\/li><li data-start=\"5282\" data-end=\"5404\"><p data-start=\"5284\" data-end=\"5404\"><a class=\"\" href=\"https:\/\/support.mozilla.org\/es\/kb\/habilitar-y-deshabilitar-cookies-sitios-web-rastrear-preferencias\" target=\"_new\" rel=\"noopener\" data-start=\"5284\" data-end=\"5402\">Mozilla Firefox<\/a><\/p><\/li><li data-start=\"5405\" data-end=\"5477\"><p data-start=\"5407\" data-end=\"5477\"><a class=\"\" href=\"https:\/\/support.apple.com\/es-es\/guide\/safari\/sfri11471\/mac\" target=\"_new\" rel=\"noopener\" data-start=\"5407\" data-end=\"5475\">Safari<\/a><\/p><\/li><li data-start=\"5478\" data-end=\"5622\"><p data-start=\"5480\" data-end=\"5622\"><a class=\"\" href=\"https:\/\/support.microsoft.com\/es-es\/microsoft-edge\/eliminar-cookies-en-microsoft-edge-63947406-40ac-c3b8-57b9-2a946a29ae09\" target=\"_new\" rel=\"noopener\" data-start=\"5480\" data-end=\"5620\">Microsoft Edge<\/a><\/p><\/li><\/ul><hr data-start=\"5624\" data-end=\"5627\" \/><h5 data-start=\"5629\" data-end=\"5674\">6. Transferencias internacionales de datos<\/h5><p data-start=\"5676\" data-end=\"5945\">En algunos casos, el uso de cookies de terceros puede implicar transferencias internacionales de datos (por ejemplo, a EE.\u202fUU.). Estas transferencias se realizan con las garant\u00edas adecuadas, conforme a las cl\u00e1usulas contractuales tipo aprobadas por la Comisi\u00f3n Europea.<\/p><hr data-start=\"5947\" data-end=\"5950\" \/><h5 data-start=\"5952\" data-end=\"5999\">7. Actualizaciones de la Pol\u00edtica de Cookies<\/h5><p data-start=\"6001\" data-end=\"6244\">Podemos actualizar esta Pol\u00edtica de Cookies en cualquier momento para adaptarla a cambios legislativos o de funcionamiento del sitio. Le recomendamos revisarla peri\u00f3dicamente. La fecha de la \u00faltima actualizaci\u00f3n figura al inicio del documento.<\/p><hr data-start=\"6246\" data-end=\"6249\" \/><h5 data-start=\"6251\" data-end=\"6272\">8. M\u00e1s informaci\u00f3n<\/h5><p data-start=\"6274\" data-end=\"6456\">Para m\u00e1s informaci\u00f3n sobre el tratamiento de sus datos personales, consulte nuestra <a class=\"cursor-pointer\" target=\"_new\" rel=\"noopener\" data-start=\"6358\" data-end=\"6420\">Pol\u00edtica de Privacidad<\/a> (o el enlace real que corresponda).<\/p><p data-start=\"6458\" data-end=\"6540\">Si tiene dudas sobre nuestra Pol\u00edtica de Cookies, puede contactar con nosotros en:<\/p><p data-start=\"6542\" data-end=\"6724\">\u2709\ufe0f <strong data-start=\"6545\" data-end=\"6566\">Email de contacto<\/strong>: <a class=\"cursor-pointer\" rel=\"noopener\">info@luxusrealestates.com<\/a><br data-start=\"6639\" data-end=\"6642\" \/>\ud83c\udf10 <strong data-start=\"6645\" data-end=\"6658\">Sitio web<\/strong>: <a class=\"\" href=\"https:\/\/luxusrealestates.com\/\" target=\"_new\" rel=\"noopener\" data-start=\"6660\" data-end=\"6722\">https:\/\/luxusrealestates.com\/<\/a><\/p><hr data-start=\"6726\" data-end=\"6729\" \/><p data-start=\"6731\" data-end=\"6786\"><strong data-start=\"6731\" data-end=\"6753\">Luxus Real Estates<\/strong><br data-start=\"6753\" data-end=\"6756\" \/>Todos los derechos reservados.<\/p>\t\t\t\t\t\t\t\t<\/div>\n\t\t\t\t<\/div>\n\t\t\t\t<\/div>\n\t\t\t\t\t<\/div>\n\t\t\t\t<\/div>\n\t\t\t\t<\/div>\n\t\t","protected":false},"excerpt":{"rendered":"<p>POL\u00cdTICA DE COOKIES En Luxus Real Estates (en adelante, \u00abnosotros\u00bb, \u00abnuestro sitio web\u00bb o \u00abla web\u00bb), utilizamos cookies propias y de terceros para garantizar el correcto funcionamiento del sitio, mejorar la experiencia de usuario, analizar la navegaci\u00f3n y mostrar publicidad personalizada en funci\u00f3n de sus h\u00e1bitos de navegaci\u00f3n. Esta Pol\u00edtica de Cookies tiene como objetivo [&hellip;]<\/p>\n","protected":false},"author":1,"featured_media":0,"parent":0,"menu_order":0,"comment_status":"closed","ping_status":"closed","template":"","meta":{"inline_featured_image":false,"footnotes":""},"class_list":["post-14","page","type-page","status-publish","hentry"],"yoast_head":"<!-- This site is optimized with the Yoast SEO plugin v27.0 - https:\/\/yoast.com\/product\/yoast-seo-wordpress\/ -->\n<title>Pol\u00edtica de Cookies - Luxus<\/title>\n<meta name=\"robots\" content=\"index, follow, max-snippet:-1, max-image-preview:large, max-video-preview:-1\" \/>\n<link rel=\"canonical\" href=\"https:\/\/luxusrealestates.com\/fr\/politique-de-cookies\/\" \/>\n<meta property=\"og:locale\" content=\"fr_FR\" \/>\n<meta property=\"og:type\" content=\"article\" \/>\n<meta property=\"og:title\" content=\"Pol\u00edtica de Cookies - Luxus\" \/>\n<meta property=\"og:description\" content=\"POL\u00cdTICA DE COOKIES En Luxus Real Estates (en adelante, \u00abnosotros\u00bb, \u00abnuestro sitio web\u00bb o \u00abla web\u00bb), utilizamos cookies propias y de terceros para garantizar el correcto funcionamiento del sitio, mejorar la experiencia de usuario, analizar la navegaci\u00f3n y mostrar publicidad personalizada en funci\u00f3n de sus h\u00e1bitos de navegaci\u00f3n. Esta Pol\u00edtica de Cookies tiene como objetivo [&hellip;]\" \/>\n<meta property=\"og:url\" content=\"https:\/\/luxusrealestates.com\/fr\/politique-de-cookies\/\" \/>\n<meta property=\"og:site_name\" content=\"Luxus\" \/>\n<meta property=\"article:modified_time\" content=\"2025-07-15T15:15:17+00:00\" \/>\n<meta name=\"twitter:card\" content=\"summary_large_image\" \/>\n<meta name=\"twitter:label1\" content=\"Dur\u00e9e de lecture estim\u00e9e\" \/>\n\t<meta name=\"twitter:data1\" content=\"4 minutes\" \/>\n<script type=\"application\/ld+json\" class=\"yoast-schema-graph\">{\"@context\":\"https:\/\/schema.org\",\"@graph\":[{\"@type\":\"WebPage\",\"@id\":\"https:\/\/luxusrealestates.com\/politica-de-cookies\/\",\"url\":\"https:\/\/luxusrealestates.com\/politica-de-cookies\/\",\"name\":\"Pol\u00edtica de Cookies - Luxus\",\"isPartOf\":{\"@id\":\"https:\/\/luxusrealestates.com\/ar\/#website\"},\"datePublished\":\"2024-05-23T19:27:07+00:00\",\"dateModified\":\"2025-07-15T15:15:17+00:00\",\"breadcrumb\":{\"@id\":\"https:\/\/luxusrealestates.com\/politica-de-cookies\/#breadcrumb\"},\"inLanguage\":\"fr-FR\",\"potentialAction\":[{\"@type\":\"ReadAction\",\"target\":[\"https:\/\/luxusrealestates.com\/politica-de-cookies\/\"]}]},{\"@type\":\"BreadcrumbList\",\"@id\":\"https:\/\/luxusrealestates.com\/politica-de-cookies\/#breadcrumb\",\"itemListElement\":[{\"@type\":\"ListItem\",\"position\":1,\"name\":\"Portada\",\"item\":\"https:\/\/luxusrealestates.com\/\"},{\"@type\":\"ListItem\",\"position\":2,\"name\":\"Pol\u00edtica de Cookies\"}]},{\"@type\":\"WebSite\",\"@id\":\"https:\/\/luxusrealestates.com\/ar\/#website\",\"url\":\"https:\/\/luxusrealestates.com\/ar\/\",\"name\":\"Luxus\",\"description\":\"Real States\",\"publisher\":{\"@id\":\"https:\/\/luxusrealestates.com\/ar\/#organization\"},\"potentialAction\":[{\"@type\":\"SearchAction\",\"target\":{\"@type\":\"EntryPoint\",\"urlTemplate\":\"https:\/\/luxusrealestates.com\/ar\/?s={search_term_string}\"},\"query-input\":{\"@type\":\"PropertyValueSpecification\",\"valueRequired\":true,\"valueName\":\"search_term_string\"}}],\"inLanguage\":\"fr-FR\"},{\"@type\":\"Organization\",\"@id\":\"https:\/\/luxusrealestates.com\/ar\/#organization\",\"name\":\"Luxus\",\"url\":\"https:\/\/luxusrealestates.com\/ar\/\",\"logo\":{\"@type\":\"ImageObject\",\"inLanguage\":\"fr-FR\",\"@id\":\"https:\/\/luxusrealestates.com\/ar\/#\/schema\/logo\/image\/\",\"url\":\"https:\/\/luxusrealestates.com\/wp-content\/uploads\/2024\/05\/Group-39537.svg\",\"contentUrl\":\"https:\/\/luxusrealestates.com\/wp-content\/uploads\/2024\/05\/Group-39537.svg\",\"width\":201,\"height\":81,\"caption\":\"Luxus\"},\"image\":{\"@id\":\"https:\/\/luxusrealestates.com\/ar\/#\/schema\/logo\/image\/\"}}]}<\/script>\n<!-- \/ Yoast SEO plugin. -->","yoast_head_json":{"title":"Politique en mati\u00e8re de cookies - Luxus","robots":{"index":"index","follow":"follow","max-snippet":"max-snippet:-1","max-image-preview":"max-image-preview:large","max-video-preview":"max-video-preview:-1"},"canonical":"https:\/\/luxusrealestates.com\/fr\/politique-de-cookies\/","og_locale":"fr_FR","og_type":"article","og_title":"Pol\u00edtica de Cookies - Luxus","og_description":"POL\u00cdTICA DE COOKIES En Luxus Real Estates (en adelante, \u00abnosotros\u00bb, \u00abnuestro sitio web\u00bb o \u00abla web\u00bb), utilizamos cookies propias y de terceros para garantizar el correcto funcionamiento del sitio, mejorar la experiencia de usuario, analizar la navegaci\u00f3n y mostrar publicidad personalizada en funci\u00f3n de sus h\u00e1bitos de navegaci\u00f3n. Esta Pol\u00edtica de Cookies tiene como objetivo [&hellip;]","og_url":"https:\/\/luxusrealestates.com\/fr\/politique-de-cookies\/","og_site_name":"Luxus","article_modified_time":"2025-07-15T15:15:17+00:00","twitter_card":"summary_large_image","twitter_misc":{"Dur\u00e9e de lecture estim\u00e9e":"4 minutes"},"schema":{"@context":"https:\/\/schema.org","@graph":[{"@type":"WebPage","@id":"https:\/\/luxusrealestates.com\/politica-de-cookies\/","url":"https:\/\/luxusrealestates.com\/politica-de-cookies\/","name":"Politique en mati\u00e8re de cookies - Luxus","isPartOf":{"@id":"https:\/\/luxusrealestates.com\/ar\/#website"},"datePublished":"2024-05-23T19:27:07+00:00","dateModified":"2025-07-15T15:15:17+00:00","breadcrumb":{"@id":"https:\/\/luxusrealestates.com\/politica-de-cookies\/#breadcrumb"},"inLanguage":"fr-FR","potentialAction":[{"@type":"ReadAction","target":["https:\/\/luxusrealestates.com\/politica-de-cookies\/"]}]},{"@type":"BreadcrumbList","@id":"https:\/\/luxusrealestates.com\/politica-de-cookies\/#breadcrumb","itemListElement":[{"@type":"ListItem","position":1,"name":"Portada","item":"https:\/\/luxusrealestates.com\/"},{"@type":"ListItem","position":2,"name":"Pol\u00edtica de Cookies"}]},{"@type":"WebSite","@id":"https:\/\/luxusrealestates.com\/ar\/#website","url":"https:\/\/luxusrealestates.com\/ar\/","name":"Luxus","description":"\u00c9tats r\u00e9els","publisher":{"@id":"https:\/\/luxusrealestates.com\/ar\/#organization"},"potentialAction":[{"@type":"SearchAction","target":{"@type":"EntryPoint","urlTemplate":"https:\/\/luxusrealestates.com\/ar\/?s={search_term_string}"},"query-input":{"@type":"PropertyValueSpecification","valueRequired":true,"valueName":"search_term_string"}}],"inLanguage":"fr-FR"},{"@type":"Organization","@id":"https:\/\/luxusrealestates.com\/ar\/#organization","name":"Luxus","url":"https:\/\/luxusrealestates.com\/ar\/","logo":{"@type":"ImageObject","inLanguage":"fr-FR","@id":"https:\/\/luxusrealestates.com\/ar\/#\/schema\/logo\/image\/","url":"https:\/\/luxusrealestates.com\/wp-content\/uploads\/2024\/05\/Group-39537.svg","contentUrl":"https:\/\/luxusrealestates.com\/wp-content\/uploads\/2024\/05\/Group-39537.svg","width":201,"height":81,"caption":"Luxus"},"image":{"@id":"https:\/\/luxusrealestates.com\/ar\/#\/schema\/logo\/image\/"}}]}},"_links":{"self":[{"href":"https:\/\/luxusrealestates.com\/fr\/wp-json\/wp\/v2\/pages\/14","targetHints":{"allow":["GET"]}}],"collection":[{"href":"https:\/\/luxusrealestates.com\/fr\/wp-json\/wp\/v2\/pages"}],"about":[{"href":"https:\/\/luxusrealestates.com\/fr\/wp-json\/wp\/v2\/types\/page"}],"author":[{"embeddable":true,"href":"https:\/\/luxusrealestates.com\/fr\/wp-json\/wp\/v2\/users\/1"}],"replies":[{"embeddable":true,"href":"https:\/\/luxusrealestates.com\/fr\/wp-json\/wp\/v2\/comments?post=14"}],"version-history":[{"count":9,"href":"https:\/\/luxusrealestates.com\/fr\/wp-json\/wp\/v2\/pages\/14\/revisions"}],"predecessor-version":[{"id":9723,"href":"https:\/\/luxusrealestates.com\/fr\/wp-json\/wp\/v2\/pages\/14\/revisions\/9723"}],"wp:attachment":[{"href":"https:\/\/luxusrealestates.com\/fr\/wp-json\/wp\/v2\/media?parent=14"}],"curies":[{"name":"wp","href":"https:\/\/api.w.org\/{rel}","templated":true}]}}