{"id":12,"date":"2024-05-23T21:27:07","date_gmt":"2024-05-23T19:27:07","guid":{"rendered":"https:\/\/milonas.expiey.com\/aviso-legal\/"},"modified":"2025-07-15T17:29:16","modified_gmt":"2025-07-15T15:29:16","slug":"mentions-legales","status":"publish","type":"page","link":"https:\/\/luxusrealestates.com\/fr\/aviso-legal\/","title":{"rendered":"Avis Juridique"},"content":{"rendered":"<div data-elementor-type=\"wp-page\" data-elementor-id=\"12\" class=\"elementor elementor-12\" data-elementor-post-type=\"page\">\n\t\t\t\t<div class=\"elementor-element elementor-element-3d03c39 e-flex e-con-boxed e-con e-parent\" data-id=\"3d03c39\" data-element_type=\"container\" data-e-type=\"container\">\n\t\t\t\t\t<div class=\"e-con-inner\">\n\t\t<div class=\"elementor-element elementor-element-b898a6e e-con-full e-flex e-con e-child\" data-id=\"b898a6e\" data-element_type=\"container\" data-e-type=\"container\">\n\t\t\t\t<div class=\"elementor-element elementor-element-762ca01 elementor-widget elementor-widget-text-editor\" data-id=\"762ca01\" data-element_type=\"widget\" data-e-type=\"widget\" data-widget_type=\"text-editor.default\">\n\t\t\t\t<div class=\"elementor-widget-container\">\n\t\t\t\t\t\t\t\t\t<h1 data-start=\"440\" data-end=\"453\">AVIS JURIDIQUE<\/h1><p data-start=\"541\" data-end=\"749\">Cet Avis Juridique r\u00e9git l&#039;acc\u00e8s, la navigation et l&#039;utilisation du site web <strong data-start=\"607\" data-end=\"640\"><a class=\"\" href=\"https:\/\/luxusrealestates.com\/fr\/\" target=\"_new\" rel=\"noopener\" data-start=\"609\" data-end=\"638\">https:\/\/luxusrealestates.com\/<\/a><\/strong> (ci-apr\u00e8s, le &#034;site web&#034; ou &#034;site&#034;), propri\u00e9t\u00e9 de <strong data-start=\"698\" data-end=\"720\">Luxus Immobilier<\/strong> (ci-apr\u00e8s le &#034;titulaire&#034;).<\/p><p data-start=\"751\" data-end=\"980\">L&#039;acc\u00e8s et la navigation sur ce site implique l&#039;acceptation expresse et sans r\u00e9serve de toutes les conditions contenues dans le pr\u00e9sent Avis Juridique. Si vous n&#039;acceptez pas ces modalit\u00e9s, veuillez ne pas utiliser ce site web.<\/p><hr data-start=\"982\" data-end=\"985\" \/><h5 data-start=\"987\" data-end=\"1026\">1. Les donn\u00e9es d&#039;Identification du propri\u00e9taire<\/h5><p data-start=\"1028\" data-end=\"1378\"><strong data-start=\"1028\" data-end=\"1039\">Titulaire<\/strong>: Luxus Immobilier<br data-start=\"1059\" data-end=\"1062\" \/><strong data-start=\"1062\" data-end=\"1075\">Site web<\/strong>: <a class=\"\" href=\"https:\/\/luxusrealestates.com\/fr\/\" target=\"_new\" rel=\"noopener\" data-start=\"1077\" data-end=\"1139\">https:\/\/luxusrealestates.com\/<\/a><br data-start=\"1139\" data-end=\"1142\" \/><strong data-start=\"1142\" data-end=\"1176\">Contact e-mail<\/strong>:\u00a0 <a class=\"cursor-pointer\" rel=\"noopener\">info@luxusrealestates.com<\/a>]<\/p><hr data-start=\"1380\" data-end=\"1383\" \/><h5 data-start=\"1385\" data-end=\"1397\">2. Objet<\/h5><p data-start=\"1399\" data-end=\"1675\">Le pr\u00e9sent Avis Juridique r\u00e9git l&#039;acc\u00e8s et l&#039;utilisation du site web dont le but est de fournir aux utilisateurs des informations sur les services immobiliers de Luxe de biens Immobiliers, ainsi que pour permettre un contact ou une demande d&#039;informations via des formulaires ou des donn\u00e9es de contact.<\/p><p data-start=\"1677\" data-end=\"2008\">Le propri\u00e9taire se r\u00e9serve le droit de modifier \u00e0 tout moment la pr\u00e9sentation, la configuration et le contenu du site web, ainsi que les conditions requises pour son acc\u00e8s ou de l&#039;utilisation. L&#039;acc\u00e8s et l&#039;utilisation du contenu sur le site apr\u00e8s l&#039;entr\u00e9e en vigueur des modifications ou des modifications, constitue l&#039;acceptation de la m\u00eame chose.<\/p><hr data-start=\"2010\" data-end=\"2013\" \/><h5 data-start=\"2015\" data-end=\"2039\">3. Conditions d&#039;utilisation<\/h5><p data-start=\"2041\" data-end=\"2068\">L&#039;utilisateur s&#039;engage \u00e0:<\/p><ul data-start=\"2070\" data-end=\"2762\"><li data-start=\"2070\" data-end=\"2226\"><p data-start=\"2072\" data-end=\"2226\">Utiliser le site web et son contenu conform\u00e9ment \u00e0 la loi, le pr\u00e9sent Avis Juridique, morale, aux bonnes m\u0153urs et \u00e0 l&#039;ordre public.<\/p><\/li><li data-start=\"2227\" data-end=\"2395\"><p data-start=\"2229\" data-end=\"2395\">Ne pas utiliser le site \u00e0 des fins ill\u00e9gales ou \u00e0 des fins d&#039;atteinte aux droits ou int\u00e9r\u00eats de tiers, ou qui pourraient l&#039;endommager, rendre inutilisable ou surcharger le site.<\/p><\/li><li data-start=\"2396\" data-end=\"2505\"><p data-start=\"2398\" data-end=\"2505\">Ne cause pas de dommages aux syst\u00e8mes physiques et logiques de la propri\u00e9taire, de ses fournisseurs ou de tierces personnes.<\/p><\/li><li data-start=\"2506\" data-end=\"2651\"><p data-start=\"2508\" data-end=\"2651\">Ne pas introduire ou diffuser sur le r\u00e9seau des virus informatiques ou tout autre syst\u00e8me physique ou logique qui sont capables de causer des dommages.<\/p><\/li><li data-start=\"2652\" data-end=\"2762\"><p data-start=\"2654\" data-end=\"2762\">Ne pas tenter d&#039;acc\u00e9der, d&#039;utiliser et\/ou de manipuler les donn\u00e9es du titulaire, fournisseurs tiers ou \u00e0 d&#039;autres utilisateurs.<\/p><\/li><\/ul><hr data-start=\"2764\" data-end=\"2767\" \/><h5 data-start=\"2769\" data-end=\"2809\">4. Propri\u00e9t\u00e9 intellectuelle et industrielle<\/h5><p data-start=\"2811\" data-end=\"3114\">Tous les contenus du site web (y compris, sans limitation, les textes, photographies, graphiques, images, ic\u00f4nes, technologie, logiciel, conception graphique, le code source et d&#039;autres \u00e9l\u00e9ments), ainsi que les marques d\u00e9pos\u00e9es et noms commerciaux sont la propri\u00e9t\u00e9 du propri\u00e9taire ou des tiers qui ont autoris\u00e9 leur utilisation.<\/p><p data-start=\"3116\" data-end=\"3419\">L&#039;utilisateur s&#039;engage \u00e0 respecter les droits de propri\u00e9t\u00e9 intellectuelle et industrielle de la propri\u00e9taire. Il est strictement interdit la reproduction, distribution, communication publique, transformation ou toute autre forme d&#039;exploitation du contenu sans l&#039;autorisation pr\u00e9alable et expresse de son propri\u00e9taire.<\/p><p data-start=\"3421\" data-end=\"3605\">L&#039;utilisateur peut afficher les \u00e9l\u00e9ments du site et m\u00eame d&#039;imprimer, de copier et de les stocker sur votre appareil, \u00e0 condition que c&#039;est exclusivement pour votre usage personnel et priv\u00e9.<\/p><hr data-start=\"3607\" data-end=\"3610\" \/><h5 data-start=\"3612\" data-end=\"3625\">5. Liens<\/h5><p data-start=\"3627\" data-end=\"4064\">Le site web peut contenir des liens ou des liens hypertextes vers d&#039;autres sites Internet. Le titulaire n&#039;exerce aucun contr\u00f4le sur ces sites et leur contenu. Dans tous les cas, le titulaire assumera la responsabilit\u00e9 ou responsabilit\u00e9 pour le contenu des liens appartenant \u00e0 des sites web externes, ni ne la garantit pas la disponibilit\u00e9 technique, la qualit\u00e9, la fiabilit\u00e9, l&#039;exactitude, l&#039;amplitude, la v\u00e9racit\u00e9, la validit\u00e9 ou la port\u00e9e de tout mat\u00e9riel ou information contenue en eux.<\/p><p data-start=\"4066\" data-end=\"4200\">L&#039;inclusion de ces connexions externes n&#039;implique aucun type d&#039;association, de fusion ou de participation avec les entit\u00e9s connect\u00e9es.<\/p><hr data-start=\"4202\" data-end=\"4205\" \/><h5 data-start=\"4207\" data-end=\"4253\">6. Exclusion de garanties et de responsabilit\u00e9<\/h5><p data-start=\"4255\" data-end=\"4781\">Le propri\u00e9taire ne garantit pas la disponibilit\u00e9, la continuit\u00e9 ou l&#039;infaillibilit\u00e9 du fonctionnement du site web et, en cons\u00e9quence, \u00e0 l&#039;exception, dans la mesure permise par la loi en vigueur, toute responsabilit\u00e9 pour les dommages de toute nature qui pourraient \u00eatre dus au manque de disponibilit\u00e9 ou de continuit\u00e9 du fonctionnement du site web et les services qui y sont propos\u00e9s, ainsi que des erreurs dans l&#039;acc\u00e8s aux diff\u00e9rentes pages web ou \u00e0 partir de laquelle, dans votre cas, pour de tels services.<\/p><p data-start=\"4783\" data-end=\"4897\">Le propri\u00e9taire ne sera pas responsable pour tout dommage qui pourrait d\u00e9couler de l&#039;utilisation illicite ou abusive de ce site web.<\/p><hr data-start=\"4899\" data-end=\"4902\" \/><h5 data-start=\"4904\" data-end=\"4940\">7. Protection des donn\u00e9es personnelles<\/h5><p data-start=\"4942\" data-end=\"5161\">L&#039;acc\u00e8s et l&#039;utilisation du site web ne n\u00e9cessite pas d&#039;inscription. Toutefois, pour utiliser certains services ou l&#039;acc\u00e8s \u00e0 certains contenus, les utilisateurs seront en mesure de fournir au pr\u00e9alable certaines donn\u00e9es \u00e0 caract\u00e8re personnel.<\/p><p data-start=\"5163\" data-end=\"5325\"><strong data-start=\"5163\" data-end=\"5185\">Luxus Immobilier<\/strong> il traite vos donn\u00e9es personnelles en conformit\u00e9 avec le R\u00e8glement (UE) 2016\/679 (RGPD), de la Loi Organique 3\/2018 (LOPDGDD) et les autres dispositions l\u00e9gales en vigueur.<\/p><p data-start=\"5327\" data-end=\"5525\">Pour plus d&#039;informations sur la fa\u00e7on dont nous traitons vos donn\u00e9es personnelles et vos droits, veuillez consulter notre <a class=\"cursor-pointer\" target=\"_new\" rel=\"noopener\" data-start=\"5422\" data-end=\"5484\">Politique de confidentialit\u00e9<\/a> (ou le lien correspondant sur votre site web).<\/p><hr data-start=\"5527\" data-end=\"5530\" \/><h5 data-start=\"5532\" data-end=\"5552\">8. Utilisation des Cookies<\/h5><p data-start=\"5554\" data-end=\"5794\">Le site utilise des cookies ou technologies similaires pour stocker et r\u00e9cup\u00e9rer des informations lors de la navigation. Pour plus d&#039;informations sur l&#039;utilisation des cookies, veuillez consulter notre <a class=\"cursor-pointer\" target=\"_new\" rel=\"noopener\" data-start=\"5734\" data-end=\"5793\">Politique en mati\u00e8re de cookies<\/a>.<\/p><hr data-start=\"5796\" data-end=\"5799\" \/><h5 data-start=\"5801\" data-end=\"5843\">9. L\u00e9gislation Applicable et de la juridiction<\/h5><p data-start=\"5845\" data-end=\"6138\">Le pr\u00e9sent Avis L\u00e9gal est r\u00e9gi par la loi espagnole. Pour la r\u00e9solution de tout litige pouvant d\u00e9couler de l&#039;acc\u00e8s ou de l&#039;utilisation du site web, les parties se soumettent aux cours et tribunaux du domicile du titulaire, sauf que les r\u00e8gles du jeu d&#039;une autre juridiction imp\u00e9ratif.<\/p><hr data-start=\"6140\" data-end=\"6143\" \/><h5 data-start=\"6145\" data-end=\"6160\">10. Contact<\/h5><p data-start=\"6162\" data-end=\"6264\">Pour toutes questions ou commentaires concernant le pr\u00e9sent Avis Juridique, vous pouvez nous contacter par:<\/p><p data-start=\"6266\" data-end=\"6435\">\u2709\ufe0f <strong data-start=\"6269\" data-end=\"6290\">Contact E-Mail<\/strong>:\u00a0 <a class=\"cursor-pointer\" rel=\"noopener\">info@luxusrealestates.com<\/a><br data-start=\"6350\" data-end=\"6353\" \/>\ud83c\udf10 <strong data-start=\"6356\" data-end=\"6369\">Site web<\/strong>: <a class=\"\" href=\"https:\/\/luxusrealestates.com\/fr\/\" target=\"_new\" rel=\"noopener\" data-start=\"6371\" data-end=\"6433\">https:\/\/luxusrealestates.com\/<\/a><\/p><hr data-start=\"6437\" data-end=\"6440\" \/><p data-start=\"6442\" data-end=\"6497\"><strong data-start=\"6442\" data-end=\"6464\">Luxus Immobilier<\/strong><br data-start=\"6464\" data-end=\"6467\" \/>Tous droits r\u00e9serv\u00e9s.<\/p>\t\t\t\t\t\t\t\t<\/div>\n\t\t\t\t<\/div>\n\t\t\t\t<\/div>\n\t\t\t\t\t<\/div>\n\t\t\t\t<\/div>\n\t\t\t\t<\/div>","protected":false},"excerpt":{"rendered":"<p>AVISO LEGAL Este Aviso Legal regula el acceso, navegaci\u00f3n y uso del sitio web https:\/\/luxusrealestates.com\/ (en adelante, \u00abel sitio web\u00bb o \u00abla web\u00bb), titularidad de Luxus Real Estates (en adelante, \u00abel titular\u00bb). El acceso y navegaci\u00f3n por este sitio web implica la aceptaci\u00f3n expresa y sin reservas de todas las condiciones recogidas en este Aviso [&hellip;]<\/p>\n","protected":false},"author":1,"featured_media":0,"parent":0,"menu_order":0,"comment_status":"closed","ping_status":"closed","template":"","meta":{"inline_featured_image":false,"footnotes":""},"class_list":["post-12","page","type-page","status-publish","hentry"],"yoast_head":"<!-- This site is optimized with the Yoast SEO plugin v27.0 - https:\/\/yoast.com\/product\/yoast-seo-wordpress\/ -->\n<title>Aviso Legal - Luxus<\/title>\n<meta name=\"robots\" content=\"index, follow, max-snippet:-1, max-image-preview:large, max-video-preview:-1\" \/>\n<link rel=\"canonical\" href=\"https:\/\/luxusrealestates.com\/fr\/mentions-legales\/\" \/>\n<meta property=\"og:locale\" content=\"fr_FR\" \/>\n<meta property=\"og:type\" content=\"article\" \/>\n<meta property=\"og:title\" content=\"Aviso Legal - Luxus\" \/>\n<meta property=\"og:description\" content=\"AVISO LEGAL Este Aviso Legal regula el acceso, navegaci\u00f3n y uso del sitio web https:\/\/luxusrealestates.com\/ (en adelante, \u00abel sitio web\u00bb o \u00abla web\u00bb), titularidad de Luxus Real Estates (en adelante, \u00abel titular\u00bb). El acceso y navegaci\u00f3n por este sitio web implica la aceptaci\u00f3n expresa y sin reservas de todas las condiciones recogidas en este Aviso [&hellip;]\" \/>\n<meta property=\"og:url\" content=\"https:\/\/luxusrealestates.com\/fr\/mentions-legales\/\" \/>\n<meta property=\"og:site_name\" content=\"Luxus\" \/>\n<meta property=\"article:modified_time\" content=\"2025-07-15T15:29:16+00:00\" \/>\n<meta name=\"twitter:card\" content=\"summary_large_image\" \/>\n<meta name=\"twitter:label1\" content=\"Dur\u00e9e de lecture estim\u00e9e\" \/>\n\t<meta name=\"twitter:data1\" content=\"4 minutes\" \/>\n<script type=\"application\/ld+json\" class=\"yoast-schema-graph\">{\"@context\":\"https:\/\/schema.org\",\"@graph\":[{\"@type\":\"WebPage\",\"@id\":\"https:\/\/luxusrealestates.com\/aviso-legal\/\",\"url\":\"https:\/\/luxusrealestates.com\/aviso-legal\/\",\"name\":\"Aviso Legal - Luxus\",\"isPartOf\":{\"@id\":\"https:\/\/luxusrealestates.com\/ar\/#website\"},\"datePublished\":\"2024-05-23T19:27:07+00:00\",\"dateModified\":\"2025-07-15T15:29:16+00:00\",\"breadcrumb\":{\"@id\":\"https:\/\/luxusrealestates.com\/aviso-legal\/#breadcrumb\"},\"inLanguage\":\"fr-FR\",\"potentialAction\":[{\"@type\":\"ReadAction\",\"target\":[\"https:\/\/luxusrealestates.com\/aviso-legal\/\"]}]},{\"@type\":\"BreadcrumbList\",\"@id\":\"https:\/\/luxusrealestates.com\/aviso-legal\/#breadcrumb\",\"itemListElement\":[{\"@type\":\"ListItem\",\"position\":1,\"name\":\"Portada\",\"item\":\"https:\/\/luxusrealestates.com\/\"},{\"@type\":\"ListItem\",\"position\":2,\"name\":\"Aviso Legal\"}]},{\"@type\":\"WebSite\",\"@id\":\"https:\/\/luxusrealestates.com\/ar\/#website\",\"url\":\"https:\/\/luxusrealestates.com\/ar\/\",\"name\":\"Luxus\",\"description\":\"Real States\",\"publisher\":{\"@id\":\"https:\/\/luxusrealestates.com\/ar\/#organization\"},\"potentialAction\":[{\"@type\":\"SearchAction\",\"target\":{\"@type\":\"EntryPoint\",\"urlTemplate\":\"https:\/\/luxusrealestates.com\/ar\/?s={search_term_string}\"},\"query-input\":{\"@type\":\"PropertyValueSpecification\",\"valueRequired\":true,\"valueName\":\"search_term_string\"}}],\"inLanguage\":\"fr-FR\"},{\"@type\":\"Organization\",\"@id\":\"https:\/\/luxusrealestates.com\/ar\/#organization\",\"name\":\"Luxus\",\"url\":\"https:\/\/luxusrealestates.com\/ar\/\",\"logo\":{\"@type\":\"ImageObject\",\"inLanguage\":\"fr-FR\",\"@id\":\"https:\/\/luxusrealestates.com\/ar\/#\/schema\/logo\/image\/\",\"url\":\"https:\/\/luxusrealestates.com\/wp-content\/uploads\/2024\/05\/Group-39537.svg\",\"contentUrl\":\"https:\/\/luxusrealestates.com\/wp-content\/uploads\/2024\/05\/Group-39537.svg\",\"width\":201,\"height\":81,\"caption\":\"Luxus\"},\"image\":{\"@id\":\"https:\/\/luxusrealestates.com\/ar\/#\/schema\/logo\/image\/\"}}]}<\/script>\n<!-- \/ Yoast SEO plugin. -->","yoast_head_json":{"title":"Avis Juridique - Luxus","robots":{"index":"index","follow":"follow","max-snippet":"max-snippet:-1","max-image-preview":"max-image-preview:large","max-video-preview":"max-video-preview:-1"},"canonical":"https:\/\/luxusrealestates.com\/fr\/mentions-legales\/","og_locale":"fr_FR","og_type":"article","og_title":"Aviso Legal - Luxus","og_description":"AVISO LEGAL Este Aviso Legal regula el acceso, navegaci\u00f3n y uso del sitio web https:\/\/luxusrealestates.com\/ (en adelante, \u00abel sitio web\u00bb o \u00abla web\u00bb), titularidad de Luxus Real Estates (en adelante, \u00abel titular\u00bb). El acceso y navegaci\u00f3n por este sitio web implica la aceptaci\u00f3n expresa y sin reservas de todas las condiciones recogidas en este Aviso [&hellip;]","og_url":"https:\/\/luxusrealestates.com\/fr\/mentions-legales\/","og_site_name":"Luxus","article_modified_time":"2025-07-15T15:29:16+00:00","twitter_card":"summary_large_image","twitter_misc":{"Dur\u00e9e de lecture estim\u00e9e":"4 minutes"},"schema":{"@context":"https:\/\/schema.org","@graph":[{"@type":"WebPage","@id":"https:\/\/luxusrealestates.com\/aviso-legal\/","url":"https:\/\/luxusrealestates.com\/aviso-legal\/","name":"Avis Juridique - Luxus","isPartOf":{"@id":"https:\/\/luxusrealestates.com\/ar\/#website"},"datePublished":"2024-05-23T19:27:07+00:00","dateModified":"2025-07-15T15:29:16+00:00","breadcrumb":{"@id":"https:\/\/luxusrealestates.com\/aviso-legal\/#breadcrumb"},"inLanguage":"fr-FR","potentialAction":[{"@type":"ReadAction","target":["https:\/\/luxusrealestates.com\/aviso-legal\/"]}]},{"@type":"BreadcrumbList","@id":"https:\/\/luxusrealestates.com\/aviso-legal\/#breadcrumb","itemListElement":[{"@type":"ListItem","position":1,"name":"Portada","item":"https:\/\/luxusrealestates.com\/"},{"@type":"ListItem","position":2,"name":"Aviso Legal"}]},{"@type":"WebSite","@id":"https:\/\/luxusrealestates.com\/ar\/#website","url":"https:\/\/luxusrealestates.com\/ar\/","name":"Luxus","description":"\u00c9tats r\u00e9els","publisher":{"@id":"https:\/\/luxusrealestates.com\/ar\/#organization"},"potentialAction":[{"@type":"SearchAction","target":{"@type":"EntryPoint","urlTemplate":"https:\/\/luxusrealestates.com\/ar\/?s={search_term_string}"},"query-input":{"@type":"PropertyValueSpecification","valueRequired":true,"valueName":"search_term_string"}}],"inLanguage":"fr-FR"},{"@type":"Organization","@id":"https:\/\/luxusrealestates.com\/ar\/#organization","name":"Luxus","url":"https:\/\/luxusrealestates.com\/ar\/","logo":{"@type":"ImageObject","inLanguage":"fr-FR","@id":"https:\/\/luxusrealestates.com\/ar\/#\/schema\/logo\/image\/","url":"https:\/\/luxusrealestates.com\/wp-content\/uploads\/2024\/05\/Group-39537.svg","contentUrl":"https:\/\/luxusrealestates.com\/wp-content\/uploads\/2024\/05\/Group-39537.svg","width":201,"height":81,"caption":"Luxus"},"image":{"@id":"https:\/\/luxusrealestates.com\/ar\/#\/schema\/logo\/image\/"}}]}},"_links":{"self":[{"href":"https:\/\/luxusrealestates.com\/fr\/wp-json\/wp\/v2\/pages\/12","targetHints":{"allow":["GET"]}}],"collection":[{"href":"https:\/\/luxusrealestates.com\/fr\/wp-json\/wp\/v2\/pages"}],"about":[{"href":"https:\/\/luxusrealestates.com\/fr\/wp-json\/wp\/v2\/types\/page"}],"author":[{"embeddable":true,"href":"https:\/\/luxusrealestates.com\/fr\/wp-json\/wp\/v2\/users\/1"}],"replies":[{"embeddable":true,"href":"https:\/\/luxusrealestates.com\/fr\/wp-json\/wp\/v2\/comments?post=12"}],"version-history":[{"count":9,"href":"https:\/\/luxusrealestates.com\/fr\/wp-json\/wp\/v2\/pages\/12\/revisions"}],"predecessor-version":[{"id":9730,"href":"https:\/\/luxusrealestates.com\/fr\/wp-json\/wp\/v2\/pages\/12\/revisions\/9730"}],"wp:attachment":[{"href":"https:\/\/luxusrealestates.com\/fr\/wp-json\/wp\/v2\/media?parent=12"}],"curies":[{"name":"wp","href":"https:\/\/api.w.org\/{rel}","templated":true}]}}