{"id":501,"date":"2024-12-26T19:46:36","date_gmt":"2024-12-26T18:46:36","guid":{"rendered":"https:\/\/milonas.expiey.com\/?page_id=501"},"modified":"2025-06-05T14:15:14","modified_gmt":"2025-06-05T12:15:14","slug":"kontakt","status":"publish","type":"page","link":"https:\/\/luxusrealestates.com\/de\/contacto\/","title":{"rendered":"Kontakt"},"content":{"rendered":"\t\t<div data-elementor-type=\"wp-page\" data-elementor-id=\"501\" class=\"elementor elementor-501\" data-elementor-post-type=\"page\">\n\t\t\t\t<div class=\"elementor-element elementor-element-9689cdf e-flex e-con-boxed e-con e-parent\" data-id=\"9689cdf\" data-element_type=\"container\" data-e-type=\"container\" data-settings=\"{&quot;background_background&quot;:&quot;classic&quot;}\">\n\t\t\t\t\t<div class=\"e-con-inner\">\n\t\t\t\t<div class=\"elementor-element elementor-element-8d94420 elementor-widget elementor-widget-heading\" data-id=\"8d94420\" data-element_type=\"widget\" data-e-type=\"widget\" data-widget_type=\"heading.default\">\n\t\t\t\t<div class=\"elementor-widget-container\">\n\t\t\t\t\t<h1 class=\"elementor-heading-title elementor-size-default\">Contacto<\/h1>\t\t\t\t<\/div>\n\t\t\t\t<\/div>\n\t\t\t\t\t<\/div>\n\t\t\t\t<\/div>\n\t\t<div class=\"elementor-element elementor-element-4fe6c50 e-flex e-con-boxed e-con e-parent\" data-id=\"4fe6c50\" data-element_type=\"container\" data-e-type=\"container\" data-settings=\"{&quot;background_background&quot;:&quot;classic&quot;}\">\n\t\t\t\t\t<div class=\"e-con-inner\">\n\t\t<div class=\"elementor-element elementor-element-47657b3 e-con-full e-flex e-con e-child\" data-id=\"47657b3\" data-element_type=\"container\" data-e-type=\"container\" data-settings=\"{&quot;background_background&quot;:&quot;gradient&quot;}\">\n\t\t\t\t<div class=\"elementor-element elementor-element-37acbed elementor-widget elementor-widget-image\" data-id=\"37acbed\" data-element_type=\"widget\" data-e-type=\"widget\" data-widget_type=\"image.default\">\n\t\t\t\t<div class=\"elementor-widget-container\">\n\t\t\t\t\t\t\t\t\t\t\t\t\t\t\t<img fetchpriority=\"high\" decoding=\"async\" width=\"768\" height=\"1024\" src=\"https:\/\/luxusrealestates.com\/wp-content\/uploads\/2025\/06\/IMG_6996-768x1024.webp\" class=\"attachment-large size-large wp-image-7299\" alt=\"\" srcset=\"https:\/\/luxusrealestates.com\/wp-content\/uploads\/2025\/06\/IMG_6996-768x1024.webp 768w, https:\/\/luxusrealestates.com\/wp-content\/uploads\/2025\/06\/IMG_6996-225x300.webp 225w, https:\/\/luxusrealestates.com\/wp-content\/uploads\/2025\/06\/IMG_6996-1152x1536.webp 1152w, https:\/\/luxusrealestates.com\/wp-content\/uploads\/2025\/06\/IMG_6996-9x12.webp 9w, https:\/\/luxusrealestates.com\/wp-content\/uploads\/2025\/06\/IMG_6996.webp 1284w\" sizes=\"(max-width: 768px) 100vw, 768px\" \/>\t\t\t\t\t\t\t\t\t\t\t\t\t\t\t<\/div>\n\t\t\t\t<\/div>\n\t\t\t\t<\/div>\n\t\t<div class=\"elementor-element elementor-element-aaace3a e-con-full e-flex e-con e-child\" data-id=\"aaace3a\" data-element_type=\"container\" data-e-type=\"container\">\n\t\t<div class=\"elementor-element elementor-element-bce7e98 e-con-full e-flex e-con e-child\" data-id=\"bce7e98\" data-element_type=\"container\" data-e-type=\"container\">\n\t\t\t\t<div class=\"elementor-element elementor-element-5d3b37e elementor-widget__width-auto elementor-widget elementor-widget-heading\" data-id=\"5d3b37e\" data-element_type=\"widget\" data-e-type=\"widget\" data-widget_type=\"heading.default\">\n\t\t\t\t<div class=\"elementor-widget-container\">\n\t\t\t\t\t<h3 class=\"elementor-heading-title elementor-size-default\">contacta con nosotros<\/h3>\t\t\t\t<\/div>\n\t\t\t\t<\/div>\n\t\t\t\t<div class=\"elementor-element elementor-element-fbfd3b1 elementor-widget__width-auto elementor-widget-divider--view-line elementor-widget elementor-widget-divider\" data-id=\"fbfd3b1\" data-element_type=\"widget\" data-e-type=\"widget\" data-widget_type=\"divider.default\">\n\t\t\t\t<div class=\"elementor-widget-container\">\n\t\t\t\t\t\t\t<div class=\"elementor-divider\">\n\t\t\t<span class=\"elementor-divider-separator\">\n\t\t\t\t\t\t<\/span>\n\t\t<\/div>\n\t\t\t\t\t\t<\/div>\n\t\t\t\t<\/div>\n\t\t\t\t<\/div>\n\t\t<div class=\"elementor-element elementor-element-48f8878 e-con-full e-flex e-con e-child\" data-id=\"48f8878\" data-element_type=\"container\" data-e-type=\"container\">\n\t\t\t\t<div class=\"elementor-element elementor-element-496f427 elementor-widget elementor-widget-heading\" data-id=\"496f427\" data-element_type=\"widget\" data-e-type=\"widget\" data-widget_type=\"heading.default\">\n\t\t\t\t<div class=\"elementor-widget-container\">\n\t\t\t\t\t<h2 class=\"elementor-heading-title elementor-size-default\">Contacta ahora<\/h2>\t\t\t\t<\/div>\n\t\t\t\t<\/div>\n\t\t\t\t<div class=\"elementor-element elementor-element-bc5a255 elementor-widget__width-initial elementor-widget elementor-widget-text-editor\" data-id=\"bc5a255\" data-element_type=\"widget\" data-e-type=\"widget\" data-widget_type=\"text-editor.default\">\n\t\t\t\t<div class=\"elementor-widget-container\">\n\t\t\t\t\t\t\t\t\t<p><span style=\"font-weight: 400;\">Estamos a tu disposici\u00f3n para ofrecerte el apoyo que necesitas. Ya sea que sue\u00f1es con encontrar tu hogar perfecto, busques una inversi\u00f3n estrat\u00e9gica o requieras asesoramiento en proyectos residenciales, nuestro equipo est\u00e1 comprometido a brindarte un servicio exclusivo y totalmente personalizado.<\/span><\/p>\t\t\t\t\t\t\t\t<\/div>\n\t\t\t\t<\/div>\n\t\t\t\t<\/div>\n\t\t<div class=\"elementor-element elementor-element-534004d e-con-full e-flex e-con e-child\" data-id=\"534004d\" data-element_type=\"container\" data-e-type=\"container\">\n\t\t\t\t<div class=\"elementor-element elementor-element-f23bafa elementor-view-framed elementor-shape-square elementor-position-inline-start elementor-mobile-position-block-start elementor-widget elementor-widget-icon-box\" data-id=\"f23bafa\" data-element_type=\"widget\" data-e-type=\"widget\" data-widget_type=\"icon-box.default\">\n\t\t\t\t<div class=\"elementor-widget-container\">\n\t\t\t\t\t\t\t<div class=\"elementor-icon-box-wrapper\">\n\n\t\t\t\t\t\t<div class=\"elementor-icon-box-icon\">\n\t\t\t\t<a href=\"tel:34669323479\" class=\"elementor-icon\" tabindex=\"-1\" aria-label=\"\u00bfTienes preguntas?\">\n\t\t\t\t<svg aria-hidden=\"true\" class=\"e-font-icon-svg e-fas-phone-alt\" viewBox=\"0 0 512 512\" xmlns=\"http:\/\/www.w3.org\/2000\/svg\"><path d=\"M497.39 361.8l-112-48a24 24 0 0 0-28 6.9l-49.6 60.6A370.66 370.66 0 0 1 130.6 204.11l60.6-49.6a23.94 23.94 0 0 0 6.9-28l-48-112A24.16 24.16 0 0 0 122.6.61l-104 24A24 24 0 0 0 0 48c0 256.5 207.9 464 464 464a24 24 0 0 0 23.4-18.6l24-104a24.29 24.29 0 0 0-14.01-27.6z\"><\/path><\/svg>\t\t\t\t<\/a>\n\t\t\t<\/div>\n\t\t\t\n\t\t\t\t\t\t<div class=\"elementor-icon-box-content\">\n\n\t\t\t\t\t\t\t\t\t<h3 class=\"elementor-icon-box-title\">\n\t\t\t\t\t\t<a href=\"tel:34669323479\" >\n\t\t\t\t\t\t\t\u00bfTienes preguntas?\t\t\t\t\t\t<\/a>\n\t\t\t\t\t<\/h3>\n\t\t\t\t\n\t\t\t\t\t\t\t\t\t<p class=\"elementor-icon-box-description\">\n\t\t\t\t\t\t+34 669 323 479\t\t\t\t\t<\/p>\n\t\t\t\t\n\t\t\t<\/div>\n\t\t\t\n\t\t<\/div>\n\t\t\t\t\t\t<\/div>\n\t\t\t\t<\/div>\n\t\t\t\t<div class=\"elementor-element elementor-element-2f38e76 elementor-view-framed elementor-shape-square elementor-position-inline-start elementor-mobile-position-block-start elementor-widget elementor-widget-icon-box\" data-id=\"2f38e76\" data-element_type=\"widget\" data-e-type=\"widget\" data-widget_type=\"icon-box.default\">\n\t\t\t\t<div class=\"elementor-widget-container\">\n\t\t\t\t\t\t\t<div class=\"elementor-icon-box-wrapper\">\n\n\t\t\t\t\t\t<div class=\"elementor-icon-box-icon\">\n\t\t\t\t<a href=\"mailto:info@luxusrealestates.com\" class=\"elementor-icon\" tabindex=\"-1\" aria-label=\"Escribe un email\">\n\t\t\t\t<svg aria-hidden=\"true\" class=\"e-font-icon-svg e-fas-envelope\" viewBox=\"0 0 512 512\" xmlns=\"http:\/\/www.w3.org\/2000\/svg\"><path d=\"M502.3 190.8c3.9-3.1 9.7-.2 9.7 4.7V400c0 26.5-21.5 48-48 48H48c-26.5 0-48-21.5-48-48V195.6c0-5 5.7-7.8 9.7-4.7 22.4 17.4 52.1 39.5 154.1 113.6 21.1 15.4 56.7 47.8 92.2 47.6 35.7.3 72-32.8 92.3-47.6 102-74.1 131.6-96.3 154-113.7zM256 320c23.2.4 56.6-29.2 73.4-41.4 132.7-96.3 142.8-104.7 173.4-128.7 5.8-4.5 9.2-11.5 9.2-18.9v-19c0-26.5-21.5-48-48-48H48C21.5 64 0 85.5 0 112v19c0 7.4 3.4 14.3 9.2 18.9 30.6 23.9 40.7 32.4 173.4 128.7 16.8 12.2 50.2 41.8 73.4 41.4z\"><\/path><\/svg>\t\t\t\t<\/a>\n\t\t\t<\/div>\n\t\t\t\n\t\t\t\t\t\t<div class=\"elementor-icon-box-content\">\n\n\t\t\t\t\t\t\t\t\t<h3 class=\"elementor-icon-box-title\">\n\t\t\t\t\t\t<a href=\"mailto:info@luxusrealestates.com\" >\n\t\t\t\t\t\t\tEscribe un email\t\t\t\t\t\t<\/a>\n\t\t\t\t\t<\/h3>\n\t\t\t\t\n\t\t\t\t\t\t\t\t\t<p class=\"elementor-icon-box-description\">\n\t\t\t\t\t\tinfo@luxusrealestates.com\t\t\t\t\t<\/p>\n\t\t\t\t\n\t\t\t<\/div>\n\t\t\t\n\t\t<\/div>\n\t\t\t\t\t\t<\/div>\n\t\t\t\t<\/div>\n\t\t\t\t<div class=\"elementor-element elementor-element-a56a3d4 elementor-view-framed elementor-shape-square elementor-position-inline-start elementor-mobile-position-block-start elementor-widget elementor-widget-icon-box\" data-id=\"a56a3d4\" data-element_type=\"widget\" data-e-type=\"widget\" data-widget_type=\"icon-box.default\">\n\t\t\t\t<div class=\"elementor-widget-container\">\n\t\t\t\t\t\t\t<div class=\"elementor-icon-box-wrapper\">\n\n\t\t\t\t\t\t<div class=\"elementor-icon-box-icon\">\n\t\t\t\t<span  class=\"elementor-icon\">\n\t\t\t\t<svg aria-hidden=\"true\" class=\"e-font-icon-svg e-fas-map-marker-alt\" viewBox=\"0 0 384 512\" xmlns=\"http:\/\/www.w3.org\/2000\/svg\"><path d=\"M172.268 501.67C26.97 291.031 0 269.413 0 192 0 85.961 85.961 0 192 0s192 85.961 192 192c0 77.413-26.97 99.031-172.268 309.67-9.535 13.774-29.93 13.773-39.464 0zM192 272c44.183 0 80-35.817 80-80s-35.817-80-80-80-80 35.817-80 80 35.817 80 80 80z\"><\/path><\/svg>\t\t\t\t<\/span>\n\t\t\t<\/div>\n\t\t\t\n\t\t\t\t\t\t<div class=\"elementor-icon-box-content\">\n\n\t\t\t\t\t\t\t\t\t<h3 class=\"elementor-icon-box-title\">\n\t\t\t\t\t\t<span  >\n\t\t\t\t\t\t\tVis\u00edtanos\t\t\t\t\t\t<\/span>\n\t\t\t\t\t<\/h3>\n\t\t\t\t\n\t\t\t\t\t\t\t\t\t<p class=\"elementor-icon-box-description\">\n\t\t\t\t\t\tPasseig Pla de Garaita, 18 La Nucia (Alicante)\t\t\t\t\t<\/p>\n\t\t\t\t\n\t\t\t<\/div>\n\t\t\t\n\t\t<\/div>\n\t\t\t\t\t\t<\/div>\n\t\t\t\t<\/div>\n\t\t\t\t<\/div>\n\t\t\t\t<\/div>\n\t\t\t\t\t<\/div>\n\t\t\t\t<\/div>\n\t\t<div class=\"elementor-element elementor-element-9e46d87 e-con-full e-flex e-con e-parent\" data-id=\"9e46d87\" data-element_type=\"container\" data-e-type=\"container\">\n\t\t\t\t<div class=\"elementor-element elementor-element-ec887fe elementor-widget elementor-widget-google_maps\" data-id=\"ec887fe\" data-element_type=\"widget\" data-e-type=\"widget\" data-widget_type=\"google_maps.default\">\n\t\t\t\t<div class=\"elementor-widget-container\">\n\t\t\t\t\t\t\t<div class=\"elementor-custom-embed\">\n\t\t\t<iframe loading=\"lazy\"\n\t\t\t\t\tsrc=\"https:\/\/maps.google.com\/maps?q=Passeig%20Pla%20de%20Garaita%2C%2018%20La%20Nucia&#038;t=m&#038;z=16&#038;output=embed&#038;iwloc=near\"\n\t\t\t\t\ttitle=\"Passeig Pla de Garaita, 18 La Nucia\"\n\t\t\t\t\taria-label=\"Passeig Pla de Garaita, 18 La Nucia\"\n\t\t\t><\/iframe>\n\t\t<\/div>\n\t\t\t\t\t\t<\/div>\n\t\t\t\t<\/div>\n\t\t\t\t<\/div>\n\t\t<div class=\"elementor-element elementor-element-234d50c e-flex e-con-boxed e-con e-parent\" data-id=\"234d50c\" data-element_type=\"container\" data-e-type=\"container\">\n\t\t\t\t\t<div class=\"e-con-inner\">\n\t\t<div class=\"elementor-element elementor-element-8aed628 e-flex e-con-boxed e-con e-child\" data-id=\"8aed628\" data-element_type=\"container\" data-e-type=\"container\" data-settings=\"{&quot;background_background&quot;:&quot;classic&quot;}\">\n\t\t\t\t\t<div class=\"e-con-inner\">\n\t\t\t\t<div class=\"elementor-element elementor-element-dd8a90e elementor-widget-divider--view-line_text elementor-widget-divider--element-align-center elementor-widget elementor-widget-divider\" data-id=\"dd8a90e\" data-element_type=\"widget\" data-e-type=\"widget\" data-widget_type=\"divider.default\">\n\t\t\t\t<div class=\"elementor-widget-container\">\n\t\t\t\t\t\t\t<div class=\"elementor-divider\">\n\t\t\t<span class=\"elementor-divider-separator\">\n\t\t\t\t\t\t\t<span class=\"elementor-divider__text elementor-divider__element\">\n\t\t\t\tescr\u00edbenos\t\t\t\t<\/span>\n\t\t\t\t\t\t<\/span>\n\t\t<\/div>\n\t\t\t\t\t\t<\/div>\n\t\t\t\t<\/div>\n\t\t\t\t<div class=\"elementor-element elementor-element-e176936 elementor-widget elementor-widget-heading\" data-id=\"e176936\" data-element_type=\"widget\" data-e-type=\"widget\" data-widget_type=\"heading.default\">\n\t\t\t\t<div class=\"elementor-widget-container\">\n\t\t\t\t\t<h2 class=\"elementor-heading-title elementor-size-default\">Deje su consulta<\/h2>\t\t\t\t<\/div>\n\t\t\t\t<\/div>\n\t\t\t\t<div class=\"elementor-element elementor-element-c57f03f elementor-button-align-center elementor-widget__width-inherit elementor-widget elementor-widget-form\" data-id=\"c57f03f\" data-element_type=\"widget\" data-e-type=\"widget\" data-settings=\"{&quot;step_next_label&quot;:&quot;Siguiente&quot;,&quot;step_previous_label&quot;:&quot;Anterior&quot;,&quot;button_width&quot;:&quot;100&quot;,&quot;step_type&quot;:&quot;number_text&quot;,&quot;step_icon_shape&quot;:&quot;circle&quot;}\" data-widget_type=\"form.default\">\n\t\t\t\t<div class=\"elementor-widget-container\">\n\t\t\t\t\t\t\t<form class=\"elementor-form\" method=\"post\" name=\"Form contacto\" aria-label=\"Form contacto\">\n\t\t\t<input type=\"hidden\" name=\"post_id\" value=\"501\"\/>\n\t\t\t<input type=\"hidden\" name=\"form_id\" value=\"c57f03f\"\/>\n\t\t\t<input type=\"hidden\" name=\"referer_title\" value=\"Contacto | Habla con un experto de la Inmobiliaria Luxus\" \/>\n\n\t\t\t\t\t\t\t<input type=\"hidden\" name=\"queried_id\" value=\"501\"\/>\n\t\t\t\n\t\t\t<div class=\"elementor-form-fields-wrapper elementor-labels-\">\n\t\t\t\t\t\t\t\t<div class=\"elementor-field-type-text elementor-field-group elementor-column elementor-field-group-name elementor-col-50\">\n\t\t\t\t\t\t\t\t\t\t\t\t<label for=\"form-field-name\" class=\"elementor-field-label elementor-screen-only\">\n\t\t\t\t\t\t\t\tNombre\t\t\t\t\t\t\t<\/label>\n\t\t\t\t\t\t\t\t\t\t\t\t\t\t<input size=\"1\" type=\"text\" name=\"form_fields[name]\" id=\"form-field-name\" class=\"elementor-field elementor-size-sm  elementor-field-textual\" placeholder=\"Su nombre\">\n\t\t\t\t\t\t\t\t\t\t\t<\/div>\n\t\t\t\t\t\t\t\t<div class=\"elementor-field-type-email elementor-field-group elementor-column elementor-field-group-email elementor-col-50 elementor-field-required\">\n\t\t\t\t\t\t\t\t\t\t\t\t<label for=\"form-field-email\" class=\"elementor-field-label elementor-screen-only\">\n\t\t\t\t\t\t\t\tCorreo electr\u00f3nico\t\t\t\t\t\t\t<\/label>\n\t\t\t\t\t\t\t\t\t\t\t\t\t\t<input size=\"1\" type=\"email\" name=\"form_fields[email]\" id=\"form-field-email\" class=\"elementor-field elementor-size-sm  elementor-field-textual\" placeholder=\"Direcci\u00f3n de email\" required=\"required\">\n\t\t\t\t\t\t\t\t\t\t\t<\/div>\n\t\t\t\t\t\t\t\t<div class=\"elementor-field-type-textarea elementor-field-group elementor-column elementor-field-group-message elementor-col-100\">\n\t\t\t\t\t\t\t\t\t\t\t\t<label for=\"form-field-message\" class=\"elementor-field-label elementor-screen-only\">\n\t\t\t\t\t\t\t\tMensaje\t\t\t\t\t\t\t<\/label>\n\t\t\t\t\t\t<textarea class=\"elementor-field-textual elementor-field  elementor-size-sm\" name=\"form_fields[message]\" id=\"form-field-message\" rows=\"6\" placeholder=\"Escriba su mensaje\"><\/textarea>\t\t\t\t<\/div>\n\t\t\t\t\t\t\t\t<div class=\"elementor-field-type-recaptcha_v3 elementor-field-group elementor-column elementor-field-group-field_07d7617 elementor-col-100 recaptcha_v3-bottomright\">\n\t\t\t\t\t<div class=\"elementor-field\" id=\"form-field-field_07d7617\"><div class=\"elementor-g-recaptcha\" data-sitekey=\"6LcGnk4rAAAAAAnX_VvGCGkuI-bVM-hX7XHO1_Oi\" data-type=\"v3\" data-action=\"Form\" data-badge=\"bottomright\" data-size=\"invisible\"><\/div><\/div>\t\t\t\t<\/div>\n\t\t\t\t\t\t\t\t<div class=\"elementor-field-group elementor-column elementor-field-type-submit elementor-col-100 e-form__buttons\">\n\t\t\t\t\t<button class=\"elementor-button elementor-size-sm\" type=\"submit\">\n\t\t\t\t\t\t<span class=\"elementor-button-content-wrapper\">\n\t\t\t\t\t\t\t\t\t\t\t\t\t\t\t<span class=\"elementor-button-icon\">\n\t\t\t\t\t\t\t\t\t<svg aria-hidden=\"true\" class=\"e-font-icon-svg e-fas-arrow-right\" viewBox=\"0 0 448 512\" xmlns=\"http:\/\/www.w3.org\/2000\/svg\"><path d=\"M190.5 66.9l22.2-22.2c9.4-9.4 24.6-9.4 33.9 0L441 239c9.4 9.4 9.4 24.6 0 33.9L246.6 467.3c-9.4 9.4-24.6 9.4-33.9 0l-22.2-22.2c-9.5-9.5-9.3-25 .4-34.3L311.4 296H24c-13.3 0-24-10.7-24-24v-32c0-13.3 10.7-24 24-24h287.4L190.9 101.2c-9.8-9.3-10-24.8-.4-34.3z\"><\/path><\/svg>\t\t\t\t\t\t\t\t\t\t\t\t\t\t\t\t\t<\/span>\n\t\t\t\t\t\t\t\t\t\t\t\t\t\t\t\t\t\t\t\t\t\t<span class=\"elementor-button-text\">Enviar<\/span>\n\t\t\t\t\t\t\t\t\t\t\t\t\t<\/span>\n\t\t\t\t\t<\/button>\n\t\t\t\t<\/div>\n\t\t\t<\/div>\n\t\t<\/form>\n\t\t\t\t\t\t<\/div>\n\t\t\t\t<\/div>\n\t\t\t\t\t<\/div>\n\t\t\t\t<\/div>\n\t\t\t\t\t<\/div>\n\t\t\t\t<\/div>\n\t\t\t\t<\/div>\n\t\t","protected":false},"excerpt":{"rendered":"<p>contacta con nosotros Contacta ahora Estamos a tu disposici\u00f3n para ofrecerte el apoyo que necesitas. Ya sea que sue\u00f1es con encontrar tu hogar perfecto, busques una inversi\u00f3n estrat\u00e9gica o requieras asesoramiento en proyectos residenciales, nuestro equipo est\u00e1 comprometido a brindarte un servicio exclusivo y totalmente personalizado. \u00bfTienes preguntas? +34 669 323 479 Escribe un email [&hellip;]<\/p>\n","protected":false},"author":1,"featured_media":0,"parent":0,"menu_order":0,"comment_status":"closed","ping_status":"closed","template":"elementor_header_footer","meta":{"inline_featured_image":false,"footnotes":""},"class_list":["post-501","page","type-page","status-publish","hentry"],"yoast_head":"<!-- This site is optimized with the Yoast SEO plugin v27.0 - https:\/\/yoast.com\/product\/yoast-seo-wordpress\/ -->\n<title>Contacto | Habla con un experto de la Inmobiliaria Luxus<\/title>\n<meta name=\"description\" content=\"Contacto con Inmobiliaria Luxus y recibe atenci\u00f3n personalizada. Estamos aqu\u00ed para ayudarte con tus necesidades inmobiliarias en Costa Blanca.\" \/>\n<meta name=\"robots\" content=\"index, follow, max-snippet:-1, max-image-preview:large, max-video-preview:-1\" \/>\n<link rel=\"canonical\" href=\"https:\/\/luxusrealestates.com\/de\/kontakt\/\" \/>\n<meta property=\"og:locale\" content=\"de_DE\" \/>\n<meta property=\"og:type\" content=\"article\" \/>\n<meta property=\"og:title\" content=\"Contacto | Habla con un experto de la Inmobiliaria Luxus\" \/>\n<meta property=\"og:description\" content=\"Contacto con Inmobiliaria Luxus y recibe atenci\u00f3n personalizada. Estamos aqu\u00ed para ayudarte con tus necesidades inmobiliarias en Costa Blanca.\" \/>\n<meta property=\"og:url\" content=\"https:\/\/luxusrealestates.com\/de\/kontakt\/\" \/>\n<meta property=\"og:site_name\" content=\"Luxus\" \/>\n<meta property=\"article:modified_time\" content=\"2025-06-05T12:15:14+00:00\" \/>\n<meta property=\"og:image\" content=\"https:\/\/luxusrealestates.com\/wp-content\/uploads\/2025\/06\/IMG_6996.webp\" \/>\n\t<meta property=\"og:image:width\" content=\"1284\" \/>\n\t<meta property=\"og:image:height\" content=\"1712\" \/>\n\t<meta property=\"og:image:type\" content=\"image\/webp\" \/>\n<meta name=\"twitter:card\" content=\"summary_large_image\" \/>\n<script type=\"application\/ld+json\" class=\"yoast-schema-graph\">{\"@context\":\"https:\/\/schema.org\",\"@graph\":[{\"@type\":\"WebPage\",\"@id\":\"https:\/\/luxusrealestates.com\/contacto\/\",\"url\":\"https:\/\/luxusrealestates.com\/contacto\/\",\"name\":\"Contacto | Habla con un experto de la Inmobiliaria Luxus\",\"isPartOf\":{\"@id\":\"https:\/\/luxusrealestates.com\/ar\/#website\"},\"primaryImageOfPage\":{\"@id\":\"https:\/\/luxusrealestates.com\/contacto\/#primaryimage\"},\"image\":{\"@id\":\"https:\/\/luxusrealestates.com\/contacto\/#primaryimage\"},\"thumbnailUrl\":\"https:\/\/luxusrealestates.com\/wp-content\/uploads\/2025\/06\/IMG_6996-768x1024.webp\",\"datePublished\":\"2024-12-26T18:46:36+00:00\",\"dateModified\":\"2025-06-05T12:15:14+00:00\",\"description\":\"Contacto con Inmobiliaria Luxus y recibe atenci\u00f3n personalizada. Estamos aqu\u00ed para ayudarte con tus necesidades inmobiliarias en Costa Blanca.\",\"breadcrumb\":{\"@id\":\"https:\/\/luxusrealestates.com\/contacto\/#breadcrumb\"},\"inLanguage\":\"de\",\"potentialAction\":[{\"@type\":\"ReadAction\",\"target\":[\"https:\/\/luxusrealestates.com\/contacto\/\"]}]},{\"@type\":\"ImageObject\",\"inLanguage\":\"de\",\"@id\":\"https:\/\/luxusrealestates.com\/contacto\/#primaryimage\",\"url\":\"https:\/\/luxusrealestates.com\/wp-content\/uploads\/2025\/06\/IMG_6996-768x1024.webp\",\"contentUrl\":\"https:\/\/luxusrealestates.com\/wp-content\/uploads\/2025\/06\/IMG_6996-768x1024.webp\"},{\"@type\":\"BreadcrumbList\",\"@id\":\"https:\/\/luxusrealestates.com\/contacto\/#breadcrumb\",\"itemListElement\":[{\"@type\":\"ListItem\",\"position\":1,\"name\":\"Portada\",\"item\":\"https:\/\/luxusrealestates.com\/\"},{\"@type\":\"ListItem\",\"position\":2,\"name\":\"Contacto\"}]},{\"@type\":\"WebSite\",\"@id\":\"https:\/\/luxusrealestates.com\/ar\/#website\",\"url\":\"https:\/\/luxusrealestates.com\/ar\/\",\"name\":\"Luxus\",\"description\":\"Real States\",\"publisher\":{\"@id\":\"https:\/\/luxusrealestates.com\/ar\/#organization\"},\"potentialAction\":[{\"@type\":\"SearchAction\",\"target\":{\"@type\":\"EntryPoint\",\"urlTemplate\":\"https:\/\/luxusrealestates.com\/ar\/?s={search_term_string}\"},\"query-input\":{\"@type\":\"PropertyValueSpecification\",\"valueRequired\":true,\"valueName\":\"search_term_string\"}}],\"inLanguage\":\"de\"},{\"@type\":\"Organization\",\"@id\":\"https:\/\/luxusrealestates.com\/ar\/#organization\",\"name\":\"Luxus\",\"url\":\"https:\/\/luxusrealestates.com\/ar\/\",\"logo\":{\"@type\":\"ImageObject\",\"inLanguage\":\"de\",\"@id\":\"https:\/\/luxusrealestates.com\/ar\/#\/schema\/logo\/image\/\",\"url\":\"https:\/\/luxusrealestates.com\/wp-content\/uploads\/2024\/05\/Group-39537.svg\",\"contentUrl\":\"https:\/\/luxusrealestates.com\/wp-content\/uploads\/2024\/05\/Group-39537.svg\",\"width\":201,\"height\":81,\"caption\":\"Luxus\"},\"image\":{\"@id\":\"https:\/\/luxusrealestates.com\/ar\/#\/schema\/logo\/image\/\"}}]}<\/script>\n<!-- \/ Yoast SEO plugin. -->","yoast_head_json":{"title":"Kontakt | Sprechen Sie mit einem Luxus-Immobilienexperten","description":"Kontaktieren Sie Luxus Real Estate und erhalten Sie pers\u00f6nliche Betreuung. Wir sind hier, um Ihnen bei Ihren Immobilienbed\u00fcrfnissen an der Costa Blanca zu helfen.","robots":{"index":"index","follow":"follow","max-snippet":"max-snippet:-1","max-image-preview":"max-image-preview:large","max-video-preview":"max-video-preview:-1"},"canonical":"https:\/\/luxusrealestates.com\/de\/kontakt\/","og_locale":"de_DE","og_type":"article","og_title":"Contacto | Habla con un experto de la Inmobiliaria Luxus","og_description":"Contacto con Inmobiliaria Luxus y recibe atenci\u00f3n personalizada. Estamos aqu\u00ed para ayudarte con tus necesidades inmobiliarias en Costa Blanca.","og_url":"https:\/\/luxusrealestates.com\/de\/kontakt\/","og_site_name":"Luxus","article_modified_time":"2025-06-05T12:15:14+00:00","og_image":[{"width":1284,"height":1712,"url":"https:\/\/luxusrealestates.com\/wp-content\/uploads\/2025\/06\/IMG_6996.webp","type":"image\/webp"}],"twitter_card":"summary_large_image","schema":{"@context":"https:\/\/schema.org","@graph":[{"@type":"WebPage","@id":"https:\/\/luxusrealestates.com\/contacto\/","url":"https:\/\/luxusrealestates.com\/contacto\/","name":"Kontakt | Sprechen Sie mit einem Luxus-Immobilienexperten","isPartOf":{"@id":"https:\/\/luxusrealestates.com\/ar\/#website"},"primaryImageOfPage":{"@id":"https:\/\/luxusrealestates.com\/contacto\/#primaryimage"},"image":{"@id":"https:\/\/luxusrealestates.com\/contacto\/#primaryimage"},"thumbnailUrl":"https:\/\/luxusrealestates.com\/wp-content\/uploads\/2025\/06\/IMG_6996-768x1024.webp","datePublished":"2024-12-26T18:46:36+00:00","dateModified":"2025-06-05T12:15:14+00:00","description":"Kontaktieren Sie Luxus Real Estate und erhalten Sie pers\u00f6nliche Betreuung. Wir sind hier, um Ihnen bei Ihren Immobilienbed\u00fcrfnissen an der Costa Blanca zu helfen.","breadcrumb":{"@id":"https:\/\/luxusrealestates.com\/contacto\/#breadcrumb"},"inLanguage":"de","potentialAction":[{"@type":"ReadAction","target":["https:\/\/luxusrealestates.com\/contacto\/"]}]},{"@type":"ImageObject","inLanguage":"de","@id":"https:\/\/luxusrealestates.com\/contacto\/#primaryimage","url":"https:\/\/luxusrealestates.com\/wp-content\/uploads\/2025\/06\/IMG_6996-768x1024.webp","contentUrl":"https:\/\/luxusrealestates.com\/wp-content\/uploads\/2025\/06\/IMG_6996-768x1024.webp"},{"@type":"BreadcrumbList","@id":"https:\/\/luxusrealestates.com\/contacto\/#breadcrumb","itemListElement":[{"@type":"ListItem","position":1,"name":"Portada","item":"https:\/\/luxusrealestates.com\/"},{"@type":"ListItem","position":2,"name":"Contacto"}]},{"@type":"WebSite","@id":"https:\/\/luxusrealestates.com\/ar\/#website","url":"https:\/\/luxusrealestates.com\/ar\/","name":"Luxus","description":"Echte Staaten","publisher":{"@id":"https:\/\/luxusrealestates.com\/ar\/#organization"},"potentialAction":[{"@type":"SearchAction","target":{"@type":"EntryPoint","urlTemplate":"https:\/\/luxusrealestates.com\/ar\/?s={search_term_string}"},"query-input":{"@type":"PropertyValueSpecification","valueRequired":true,"valueName":"search_term_string"}}],"inLanguage":"de"},{"@type":"Organization","@id":"https:\/\/luxusrealestates.com\/ar\/#organization","name":"Luxus","url":"https:\/\/luxusrealestates.com\/ar\/","logo":{"@type":"ImageObject","inLanguage":"de","@id":"https:\/\/luxusrealestates.com\/ar\/#\/schema\/logo\/image\/","url":"https:\/\/luxusrealestates.com\/wp-content\/uploads\/2024\/05\/Group-39537.svg","contentUrl":"https:\/\/luxusrealestates.com\/wp-content\/uploads\/2024\/05\/Group-39537.svg","width":201,"height":81,"caption":"Luxus"},"image":{"@id":"https:\/\/luxusrealestates.com\/ar\/#\/schema\/logo\/image\/"}}]}},"_links":{"self":[{"href":"https:\/\/luxusrealestates.com\/de\/wp-json\/wp\/v2\/pages\/501","targetHints":{"allow":["GET"]}}],"collection":[{"href":"https:\/\/luxusrealestates.com\/de\/wp-json\/wp\/v2\/pages"}],"about":[{"href":"https:\/\/luxusrealestates.com\/de\/wp-json\/wp\/v2\/types\/page"}],"author":[{"embeddable":true,"href":"https:\/\/luxusrealestates.com\/de\/wp-json\/wp\/v2\/users\/1"}],"replies":[{"embeddable":true,"href":"https:\/\/luxusrealestates.com\/de\/wp-json\/wp\/v2\/comments?post=501"}],"version-history":[{"count":37,"href":"https:\/\/luxusrealestates.com\/de\/wp-json\/wp\/v2\/pages\/501\/revisions"}],"predecessor-version":[{"id":7303,"href":"https:\/\/luxusrealestates.com\/de\/wp-json\/wp\/v2\/pages\/501\/revisions\/7303"}],"wp:attachment":[{"href":"https:\/\/luxusrealestates.com\/de\/wp-json\/wp\/v2\/media?parent=501"}],"curies":[{"name":"wp","href":"https:\/\/api.w.org\/{rel}","templated":true}]}}