{"id":12,"date":"2024-05-23T21:27:07","date_gmt":"2024-05-23T19:27:07","guid":{"rendered":"https:\/\/milonas.expiey.com\/aviso-legal\/"},"modified":"2025-07-15T17:29:16","modified_gmt":"2025-07-15T15:29:16","slug":"impressum","status":"publish","type":"page","link":"https:\/\/luxusrealestates.com\/de\/aviso-legal\/","title":{"rendered":"Impressum"},"content":{"rendered":"<div data-elementor-type=\"wp-page\" data-elementor-id=\"12\" class=\"elementor elementor-12\" data-elementor-post-type=\"page\">\n\t\t\t\t<div class=\"elementor-element elementor-element-3d03c39 e-flex e-con-boxed e-con e-parent\" data-id=\"3d03c39\" data-element_type=\"container\" data-e-type=\"container\">\n\t\t\t\t\t<div class=\"e-con-inner\">\n\t\t<div class=\"elementor-element elementor-element-b898a6e e-con-full e-flex e-con e-child\" data-id=\"b898a6e\" data-element_type=\"container\" data-e-type=\"container\">\n\t\t\t\t<div class=\"elementor-element elementor-element-762ca01 elementor-widget elementor-widget-text-editor\" data-id=\"762ca01\" data-element_type=\"widget\" data-e-type=\"widget\" data-widget_type=\"text-editor.default\">\n\t\t\t\t<div class=\"elementor-widget-container\">\n\t\t\t\t\t\t\t\t\t<h1 data-start=\"440\" data-end=\"453\">IMPRESSUM<\/h1><p data-start=\"541\" data-end=\"749\">Dieser Rechtliche Hinweis regelt den Zugang, navigation und Nutzung der Webseite <strong data-start=\"607\" data-end=\"640\"><a class=\"\" href=\"https:\/\/luxusrealestates.com\/de\/\" target=\"_new\" rel=\"noopener\" data-start=\"609\" data-end=\"638\">https:\/\/luxusrealestates.com\/<\/a><\/strong> (nachfolgend, die &#034;website&#034; oder &#034;Webseite&#034;) im Besitz von <strong data-start=\"698\" data-end=\"720\">Luxus Immobilien<\/strong> (im folgenden &#034;Inhaber&#034;).<\/p><p data-start=\"751\" data-end=\"980\">Der Zugang und die navigation auf dieser website impliziert die ausdr\u00fcckliche und vorbehaltlose Annahme aller Bedingungen in diesem Rechtlichen Hinweis enthaltenen. Wenn Sie nicht mit diesen Bedingungen einverstanden sind, bitte diese Webseite nicht nutzen.<\/p><hr data-start=\"982\" data-end=\"985\" \/><h5 data-start=\"987\" data-end=\"1026\">1. Daten zur Identifizierung des Eigent\u00fcmers<\/h5><p data-start=\"1028\" data-end=\"1378\"><strong data-start=\"1028\" data-end=\"1039\">Halter<\/strong>: Luxus Immobilien<br data-start=\"1059\" data-end=\"1062\" \/><strong data-start=\"1062\" data-end=\"1075\">Website<\/strong>: <a class=\"\" href=\"https:\/\/luxusrealestates.com\/de\/\" target=\"_new\" rel=\"noopener\" data-start=\"1077\" data-end=\"1139\">https:\/\/luxusrealestates.com\/<\/a><br data-start=\"1139\" data-end=\"1142\" \/><strong data-start=\"1142\" data-end=\"1176\">Kontakt-E-Mail<\/strong>:\u00a0 <a class=\"cursor-pointer\" rel=\"noopener\">info@luxusrealestates.com<\/a>]<\/p><hr data-start=\"1380\" data-end=\"1383\" \/><h5 data-start=\"1385\" data-end=\"1397\">2. Objekt<\/h5><p data-start=\"1399\" data-end=\"1675\">Der vorliegende Rechtliche Hinweis regelt den Zugang und die Nutzung der website, deren Zweck es ist, den Benutzern Informationen \u00fcber die Immobilien-services von Luxus-Immobilien, sowie zu erlauben, Kontakt oder fordern Sie Informationen \u00fcber Formulare oder Kontaktdaten.<\/p><p data-start=\"1677\" data-end=\"2008\">Der Eigent\u00fcmer beh\u00e4lt sich das Recht vor, jederzeit zu \u00e4ndern, die Pr\u00e4sentation, Konfiguration und den Inhalt der website sowie die Voraussetzungen f\u00fcr den Zugang zu oder die Nutzung. Der Zugang zu und die Nutzung der Inhalte auf der website nach Inkrafttreten von \u00e4nderungen oder \u00e4nderungen stellt die Annahme derselben.<\/p><hr data-start=\"2010\" data-end=\"2013\" \/><h5 data-start=\"2015\" data-end=\"2039\">3. Nutzungsbedingungen<\/h5><p data-start=\"2041\" data-end=\"2068\">Der Benutzer verpflichtet sich:<\/p><ul data-start=\"2070\" data-end=\"2762\"><li data-start=\"2070\" data-end=\"2226\"><p data-start=\"2072\" data-end=\"2226\">Verwenden Sie die web-Seite und deren Inhalte in \u00fcbereinstimmung mit dem Gesetz, diesem Rechtlichen Hinweis, der Moral, der guten Sitten und der \u00f6ffentlichen Ordnung.<\/p><\/li><li data-start=\"2227\" data-end=\"2395\"><p data-start=\"2229\" data-end=\"2395\">Verwenden Sie nicht die website f\u00fcr illegale Zwecke oder Zwecke, die sch\u00e4dlich f\u00fcr die Rechte oder Interessen von Dritten, oder die in irgendeiner Weise sch\u00e4digen, unbrauchbar machen oder \u00fcberlasten der website.<\/p><\/li><li data-start=\"2396\" data-end=\"2505\"><p data-start=\"2398\" data-end=\"2505\">Tun nicht verursachen Sch\u00e4den an den physischen und logischen Systemen der Eigent\u00fcmer, Ihrer Lieferanten oder Dritter Personen.<\/p><\/li><li data-start=\"2506\" data-end=\"2651\"><p data-start=\"2508\" data-end=\"2651\">Nicht einzuf\u00fchren oder zu verbreiten, die in dem Netzwerk-computer-Viren oder andere physische oder logische Systeme, die in der Lage sind, Schaden anzurichten.<\/p><\/li><li data-start=\"2652\" data-end=\"2762\"><p data-start=\"2654\" data-end=\"2762\">Versuchen Sie nicht, Zugang, Nutzung und\/oder Bearbeiten der Daten des Inhabers, Drittanbietern oder anderen Nutzern.<\/p><\/li><\/ul><hr data-start=\"2764\" data-end=\"2767\" \/><h5 data-start=\"2769\" data-end=\"2809\">4. Geistiges und gewerbliches Eigentum<\/h5><p data-start=\"2811\" data-end=\"3114\">Alle Inhalte der website (einschlie\u00dflich, ohne Einschr\u00e4nkung, text, Fotografien, Grafiken, Bilder, Symbole, Technologie, software, Grafik-design, Quellcode und andere Elemente), sowie die Marken und Handelsnamen sind das Eigentum des Eigent\u00fcmers oder von Dritten, die befugt ist, deren Nutzung.<\/p><p data-start=\"3116\" data-end=\"3419\">Der Benutzer verpflichtet sich zur Achtung der Rechte am geistigen und gewerblichen Eigentum des Besitzers. Es ist strengstens verboten die Vervielf\u00e4ltigung, Verbreitung, \u00f6ffentliche Kommunikation, transformation oder jede andere form der Verwertung der Inhalte ohne die Vorherige und ausdr\u00fcckliche Genehmigung des Eigent\u00fcmers.<\/p><p data-start=\"3421\" data-end=\"3605\">Der Benutzer kann die Elemente auf der website und sogar ausdrucken, kopieren und speichern Sie auf Ihrem Ger\u00e4t zur Verf\u00fcgung gestellt, dass Sie ausschlie\u00dflich f\u00fcr Ihren pers\u00f6nlichen und privaten Gebrauch.<\/p><hr data-start=\"3607\" data-end=\"3610\" \/><h5 data-start=\"3612\" data-end=\"3625\">5. Links<\/h5><p data-start=\"3627\" data-end=\"4064\">Die Website enth\u00e4lt m\u00f6glicherweise links oder hyperlinks zu anderen Seiten im Internet. Der Inhaber \u00fcbt keine Kontrolle \u00fcber solche Websites und Inhalte. In jedem Fall ist der Inhaber \u00fcbernimmt Verantwortung oder Haftung f\u00fcr Inhalte von links fremder web-Seiten, noch Garantie f\u00fcr die technische Verf\u00fcgbarkeit, Qualit\u00e4t, Zuverl\u00e4ssigkeit, Genauigkeit, Umfang, Wahrhaftigkeit, G\u00fcltigkeit oder den Umfang des materiellen oder in Ihnen enthaltenen Informationen.<\/p><p data-start=\"4066\" data-end=\"4200\">Die Eingliederung dieser externen verbindungen bedeutet nicht jede Art von Assoziation, Fusion oder Beteiligung mit den verbundenen Einheiten.<\/p><hr data-start=\"4202\" data-end=\"4205\" \/><h5 data-start=\"4207\" data-end=\"4253\">6. Ausschluss von Garantien und Verantwortung<\/h5><p data-start=\"4255\" data-end=\"4781\">Der Eigent\u00fcmer \u00fcbernimmt keine Garantie f\u00fcr die Verf\u00fcgbarkeit, Kontinuit\u00e4t oder Unfehlbarkeit des Betriebs der Webseite und in der Folge schlie\u00dft, soweit gesetzlich zul\u00e4ssig, jegliche Haftung f\u00fcr Sch\u00e4den jeglicher Art, die m\u00f6glicherweise durch die fehlende Verf\u00fcgbarkeit oder Kontinuit\u00e4t des Betriebs der website und der darin gebotenen Dienstleistungen, sowie Fehler in den Zugang zu verschiedenen web-Seiten oder die von dem in deinem Fall, f\u00fcr solche Dienstleistungen.<\/p><p data-start=\"4783\" data-end=\"4897\">Der Eigent\u00fcmer ist nicht verantwortlich f\u00fcr Sch\u00e4den, die entstehen k\u00f6nnen, die illegale oder unsachgem\u00e4\u00dfe Nutzung dieser Website entstehen.<\/p><hr data-start=\"4899\" data-end=\"4902\" \/><h5 data-start=\"4904\" data-end=\"4940\">7. Schutz personenbezogener Daten<\/h5><p data-start=\"4942\" data-end=\"5161\">Zugang zu und Nutzung der Website keine Registrierung. Jedoch, um bestimmte Dienste zu nutzen oder Zugang zu bestimmten Inhalten, die Benutzer in der Lage, vorab bestimmte Daten pers\u00f6nlicher Natur.<\/p><p data-start=\"5163\" data-end=\"5325\"><strong data-start=\"5163\" data-end=\"5185\">Luxus Immobilien<\/strong> es behandelt Ihre pers\u00f6nlichen Daten im Einklang mit der Verordnung (EU) 2016\/679 (RGPD), Organic Law 3\/2018 (LOPDGDD) und anderen gesetzlichen Bestimmungen in Kraft.<\/p><p data-start=\"5327\" data-end=\"5525\">F\u00fcr weitere Informationen dar\u00fcber, wie wir mit Ihren personenbezogenen Daten und Ihrer Rechte, finden Sie in unserer <a class=\"cursor-pointer\" target=\"_new\" rel=\"noopener\" data-start=\"5422\" data-end=\"5484\">Datenschutzerkl\u00e4rung<\/a> (oder der entsprechende link auf Ihre website).<\/p><hr data-start=\"5527\" data-end=\"5530\" \/><h5 data-start=\"5532\" data-end=\"5552\">8. Verwendung von Cookies<\/h5><p data-start=\"5554\" data-end=\"5794\">Die Website verwendet cookies und\/oder \u00e4hnliche Technologien zum speichern und abrufen von Informationen w\u00e4hrend der navigation. F\u00fcr weitere Informationen \u00fcber die Verwendung von cookies entnehmen Sie bitte unserer <a class=\"cursor-pointer\" target=\"_new\" rel=\"noopener\" data-start=\"5734\" data-end=\"5793\">Cookie-Richtlinie<\/a>.<\/p><hr data-start=\"5796\" data-end=\"5799\" \/><h5 data-start=\"5801\" data-end=\"5843\">9. Anwendbare Gesetzgebung und Gerichtsstand<\/h5><p data-start=\"5845\" data-end=\"6138\">Der vorliegende Rechtliche Hinweis unterliegt spanischem Recht. F\u00fcr die Beilegung von Streitigkeiten, die sich aus dem Zugang oder der Nutzung der web-site, die Parteien Unterwerfen sich den Gerichten und Gerichten des Wohnsitzes des Inhabers, mit der Ausnahme, dass die Vorschriften einen anderen Gerichtsstand zwingend erforderlich.<\/p><hr data-start=\"6140\" data-end=\"6143\" \/><h5 data-start=\"6145\" data-end=\"6160\">10. Kontakt<\/h5><p data-start=\"6162\" data-end=\"6264\">F\u00fcr Fragen oder Kommentare zu diesem Rechtlichen Hinweis, Sie k\u00f6nnen Kontaktieren Sie uns durch:<\/p><p data-start=\"6266\" data-end=\"6435\">\u2709\ufe0f <strong data-start=\"6269\" data-end=\"6290\">Kontakt-E-Mail<\/strong>:\u00a0 <a class=\"cursor-pointer\" rel=\"noopener\">info@luxusrealestates.com<\/a><br data-start=\"6350\" data-end=\"6353\" \/>\ud83c\udf10 <strong data-start=\"6356\" data-end=\"6369\">Website<\/strong>: <a class=\"\" href=\"https:\/\/luxusrealestates.com\/de\/\" target=\"_new\" rel=\"noopener\" data-start=\"6371\" data-end=\"6433\">https:\/\/luxusrealestates.com\/<\/a><\/p><hr data-start=\"6437\" data-end=\"6440\" \/><p data-start=\"6442\" data-end=\"6497\"><strong data-start=\"6442\" data-end=\"6464\">Luxus Immobilien<\/strong><br data-start=\"6464\" data-end=\"6467\" \/>Alle Rechte vorbehalten.<\/p>\t\t\t\t\t\t\t\t<\/div>\n\t\t\t\t<\/div>\n\t\t\t\t<\/div>\n\t\t\t\t\t<\/div>\n\t\t\t\t<\/div>\n\t\t\t\t<\/div>","protected":false},"excerpt":{"rendered":"<p>AVISO LEGAL Este Aviso Legal regula el acceso, navegaci\u00f3n y uso del sitio web https:\/\/luxusrealestates.com\/ (en adelante, \u00abel sitio web\u00bb o \u00abla web\u00bb), titularidad de Luxus Real Estates (en adelante, \u00abel titular\u00bb). El acceso y navegaci\u00f3n por este sitio web implica la aceptaci\u00f3n expresa y sin reservas de todas las condiciones recogidas en este Aviso [&hellip;]<\/p>\n","protected":false},"author":1,"featured_media":0,"parent":0,"menu_order":0,"comment_status":"closed","ping_status":"closed","template":"","meta":{"inline_featured_image":false,"footnotes":""},"class_list":["post-12","page","type-page","status-publish","hentry"],"yoast_head":"<!-- This site is optimized with the Yoast SEO plugin v27.0 - https:\/\/yoast.com\/product\/yoast-seo-wordpress\/ -->\n<title>Aviso Legal - Luxus<\/title>\n<meta name=\"robots\" content=\"index, follow, max-snippet:-1, max-image-preview:large, max-video-preview:-1\" \/>\n<link rel=\"canonical\" href=\"https:\/\/luxusrealestates.com\/de\/impressum\/\" \/>\n<meta property=\"og:locale\" content=\"de_DE\" \/>\n<meta property=\"og:type\" content=\"article\" \/>\n<meta property=\"og:title\" content=\"Aviso Legal - Luxus\" \/>\n<meta property=\"og:description\" content=\"AVISO LEGAL Este Aviso Legal regula el acceso, navegaci\u00f3n y uso del sitio web https:\/\/luxusrealestates.com\/ (en adelante, \u00abel sitio web\u00bb o \u00abla web\u00bb), titularidad de Luxus Real Estates (en adelante, \u00abel titular\u00bb). El acceso y navegaci\u00f3n por este sitio web implica la aceptaci\u00f3n expresa y sin reservas de todas las condiciones recogidas en este Aviso [&hellip;]\" \/>\n<meta property=\"og:url\" content=\"https:\/\/luxusrealestates.com\/de\/impressum\/\" \/>\n<meta property=\"og:site_name\" content=\"Luxus\" \/>\n<meta property=\"article:modified_time\" content=\"2025-07-15T15:29:16+00:00\" \/>\n<meta name=\"twitter:card\" content=\"summary_large_image\" \/>\n<meta name=\"twitter:label1\" content=\"Gesch\u00e4tzte Lesezeit\" \/>\n\t<meta name=\"twitter:data1\" content=\"4\u00a0Minuten\" \/>\n<script type=\"application\/ld+json\" class=\"yoast-schema-graph\">{\"@context\":\"https:\/\/schema.org\",\"@graph\":[{\"@type\":\"WebPage\",\"@id\":\"https:\/\/luxusrealestates.com\/aviso-legal\/\",\"url\":\"https:\/\/luxusrealestates.com\/aviso-legal\/\",\"name\":\"Aviso Legal - Luxus\",\"isPartOf\":{\"@id\":\"https:\/\/luxusrealestates.com\/ar\/#website\"},\"datePublished\":\"2024-05-23T19:27:07+00:00\",\"dateModified\":\"2025-07-15T15:29:16+00:00\",\"breadcrumb\":{\"@id\":\"https:\/\/luxusrealestates.com\/aviso-legal\/#breadcrumb\"},\"inLanguage\":\"de\",\"potentialAction\":[{\"@type\":\"ReadAction\",\"target\":[\"https:\/\/luxusrealestates.com\/aviso-legal\/\"]}]},{\"@type\":\"BreadcrumbList\",\"@id\":\"https:\/\/luxusrealestates.com\/aviso-legal\/#breadcrumb\",\"itemListElement\":[{\"@type\":\"ListItem\",\"position\":1,\"name\":\"Portada\",\"item\":\"https:\/\/luxusrealestates.com\/\"},{\"@type\":\"ListItem\",\"position\":2,\"name\":\"Aviso Legal\"}]},{\"@type\":\"WebSite\",\"@id\":\"https:\/\/luxusrealestates.com\/ar\/#website\",\"url\":\"https:\/\/luxusrealestates.com\/ar\/\",\"name\":\"Luxus\",\"description\":\"Real States\",\"publisher\":{\"@id\":\"https:\/\/luxusrealestates.com\/ar\/#organization\"},\"potentialAction\":[{\"@type\":\"SearchAction\",\"target\":{\"@type\":\"EntryPoint\",\"urlTemplate\":\"https:\/\/luxusrealestates.com\/ar\/?s={search_term_string}\"},\"query-input\":{\"@type\":\"PropertyValueSpecification\",\"valueRequired\":true,\"valueName\":\"search_term_string\"}}],\"inLanguage\":\"de\"},{\"@type\":\"Organization\",\"@id\":\"https:\/\/luxusrealestates.com\/ar\/#organization\",\"name\":\"Luxus\",\"url\":\"https:\/\/luxusrealestates.com\/ar\/\",\"logo\":{\"@type\":\"ImageObject\",\"inLanguage\":\"de\",\"@id\":\"https:\/\/luxusrealestates.com\/ar\/#\/schema\/logo\/image\/\",\"url\":\"https:\/\/luxusrealestates.com\/wp-content\/uploads\/2024\/05\/Group-39537.svg\",\"contentUrl\":\"https:\/\/luxusrealestates.com\/wp-content\/uploads\/2024\/05\/Group-39537.svg\",\"width\":201,\"height\":81,\"caption\":\"Luxus\"},\"image\":{\"@id\":\"https:\/\/luxusrealestates.com\/ar\/#\/schema\/logo\/image\/\"}}]}<\/script>\n<!-- \/ Yoast SEO plugin. -->","yoast_head_json":{"title":"Impressum - Luxus","robots":{"index":"index","follow":"follow","max-snippet":"max-snippet:-1","max-image-preview":"max-image-preview:large","max-video-preview":"max-video-preview:-1"},"canonical":"https:\/\/luxusrealestates.com\/de\/impressum\/","og_locale":"de_DE","og_type":"article","og_title":"Aviso Legal - Luxus","og_description":"AVISO LEGAL Este Aviso Legal regula el acceso, navegaci\u00f3n y uso del sitio web https:\/\/luxusrealestates.com\/ (en adelante, \u00abel sitio web\u00bb o \u00abla web\u00bb), titularidad de Luxus Real Estates (en adelante, \u00abel titular\u00bb). El acceso y navegaci\u00f3n por este sitio web implica la aceptaci\u00f3n expresa y sin reservas de todas las condiciones recogidas en este Aviso [&hellip;]","og_url":"https:\/\/luxusrealestates.com\/de\/impressum\/","og_site_name":"Luxus","article_modified_time":"2025-07-15T15:29:16+00:00","twitter_card":"summary_large_image","twitter_misc":{"Gesch\u00e4tzte Lesezeit":"4\u00a0Minuten"},"schema":{"@context":"https:\/\/schema.org","@graph":[{"@type":"WebPage","@id":"https:\/\/luxusrealestates.com\/aviso-legal\/","url":"https:\/\/luxusrealestates.com\/aviso-legal\/","name":"Impressum - Luxus","isPartOf":{"@id":"https:\/\/luxusrealestates.com\/ar\/#website"},"datePublished":"2024-05-23T19:27:07+00:00","dateModified":"2025-07-15T15:29:16+00:00","breadcrumb":{"@id":"https:\/\/luxusrealestates.com\/aviso-legal\/#breadcrumb"},"inLanguage":"de","potentialAction":[{"@type":"ReadAction","target":["https:\/\/luxusrealestates.com\/aviso-legal\/"]}]},{"@type":"BreadcrumbList","@id":"https:\/\/luxusrealestates.com\/aviso-legal\/#breadcrumb","itemListElement":[{"@type":"ListItem","position":1,"name":"Portada","item":"https:\/\/luxusrealestates.com\/"},{"@type":"ListItem","position":2,"name":"Aviso Legal"}]},{"@type":"WebSite","@id":"https:\/\/luxusrealestates.com\/ar\/#website","url":"https:\/\/luxusrealestates.com\/ar\/","name":"Luxus","description":"Echte Staaten","publisher":{"@id":"https:\/\/luxusrealestates.com\/ar\/#organization"},"potentialAction":[{"@type":"SearchAction","target":{"@type":"EntryPoint","urlTemplate":"https:\/\/luxusrealestates.com\/ar\/?s={search_term_string}"},"query-input":{"@type":"PropertyValueSpecification","valueRequired":true,"valueName":"search_term_string"}}],"inLanguage":"de"},{"@type":"Organization","@id":"https:\/\/luxusrealestates.com\/ar\/#organization","name":"Luxus","url":"https:\/\/luxusrealestates.com\/ar\/","logo":{"@type":"ImageObject","inLanguage":"de","@id":"https:\/\/luxusrealestates.com\/ar\/#\/schema\/logo\/image\/","url":"https:\/\/luxusrealestates.com\/wp-content\/uploads\/2024\/05\/Group-39537.svg","contentUrl":"https:\/\/luxusrealestates.com\/wp-content\/uploads\/2024\/05\/Group-39537.svg","width":201,"height":81,"caption":"Luxus"},"image":{"@id":"https:\/\/luxusrealestates.com\/ar\/#\/schema\/logo\/image\/"}}]}},"_links":{"self":[{"href":"https:\/\/luxusrealestates.com\/de\/wp-json\/wp\/v2\/pages\/12","targetHints":{"allow":["GET"]}}],"collection":[{"href":"https:\/\/luxusrealestates.com\/de\/wp-json\/wp\/v2\/pages"}],"about":[{"href":"https:\/\/luxusrealestates.com\/de\/wp-json\/wp\/v2\/types\/page"}],"author":[{"embeddable":true,"href":"https:\/\/luxusrealestates.com\/de\/wp-json\/wp\/v2\/users\/1"}],"replies":[{"embeddable":true,"href":"https:\/\/luxusrealestates.com\/de\/wp-json\/wp\/v2\/comments?post=12"}],"version-history":[{"count":9,"href":"https:\/\/luxusrealestates.com\/de\/wp-json\/wp\/v2\/pages\/12\/revisions"}],"predecessor-version":[{"id":9730,"href":"https:\/\/luxusrealestates.com\/de\/wp-json\/wp\/v2\/pages\/12\/revisions\/9730"}],"wp:attachment":[{"href":"https:\/\/luxusrealestates.com\/de\/wp-json\/wp\/v2\/media?parent=12"}],"curies":[{"name":"wp","href":"https:\/\/api.w.org\/{rel}","templated":true}]}}